{"id":1906,"date":"2024-11-27T15:06:10","date_gmt":"2024-11-27T14:06:10","guid":{"rendered":"https:\/\/jlc.pt\/contact-us\/"},"modified":"2025-09-10T13:32:37","modified_gmt":"2025-09-10T12:32:37","slug":"contact-us","status":"publish","type":"page","link":"https:\/\/jlc.pt\/en\/contact-us\/","title":{"rendered":"Contact Us"},"content":{"rendered":"\t\t<div data-elementor-type=\"wp-page\" data-elementor-id=\"1906\" class=\"elementor elementor-1906 elementor-417\" data-elementor-post-type=\"page\">\n\t\t\t\t<div class=\"elementor-element elementor-element-68e659e e-flex e-con-boxed e-con e-parent\" data-id=\"68e659e\" data-element_type=\"container\" data-e-type=\"container\">\n\t\t\t\t\t<div class=\"e-con-inner\">\n\t\t\t\t<div class=\"elementor-element elementor-element-9df9d0c elementor-invisible elementor-widget elementor-widget-heading\" data-id=\"9df9d0c\" data-element_type=\"widget\" data-e-type=\"widget\" data-settings=\"{&quot;_animation&quot;:&quot;slideInUp&quot;,&quot;_animation_delay&quot;:200}\" data-widget_type=\"heading.default\">\n\t\t\t\t<div class=\"elementor-widget-container\">\n\t\t\t\t\t<h1 class=\"elementor-heading-title elementor-size-default\">Contact Us<\/h1>\t\t\t\t<\/div>\n\t\t\t\t<\/div>\n\t\t\t\t\t<\/div>\n\t\t\t\t<\/div>\n\t\t<div class=\"elementor-element elementor-element-b4835b9 e-flex e-con-boxed e-con e-parent\" data-id=\"b4835b9\" data-element_type=\"container\" data-e-type=\"container\">\n\t\t\t\t\t<div class=\"e-con-inner\">\n\t\t<div class=\"elementor-element elementor-element-2a7954d e-con-full e-flex e-con e-child\" data-id=\"2a7954d\" data-element_type=\"container\" data-e-type=\"container\">\n\t\t\t\t<div class=\"elementor-element elementor-element-3a309be elementor-invisible elementor-widget elementor-widget-text-editor\" data-id=\"3a309be\" data-element_type=\"widget\" data-e-type=\"widget\" data-settings=\"{&quot;_animation&quot;:&quot;fadeIn&quot;,&quot;_animation_delay&quot;:300}\" data-widget_type=\"text-editor.default\">\n\t\t\t\t<div class=\"elementor-widget-container\">\n\t\t\t\t\t\t\t\t\t<p>At JLC, we are here to assist you with all your inquiries, from bespoke furniture designs to our collections and services. Use the form below to contact us, and our team will respond promptly to provide you with the information and support you need. Whether you are looking for custom design solutions or have a general question, we&#8217;re ready to help.<\/p>\t\t\t\t\t\t\t\t<\/div>\n\t\t\t\t<\/div>\n\t\t\t\t<div class=\"elementor-element elementor-element-9140d23 elementor-invisible elementor-widget elementor-widget-form\" data-id=\"9140d23\" data-element_type=\"widget\" data-e-type=\"widget\" id=\"jlc-contact-form\" data-settings=\"{&quot;button_width&quot;:&quot;20&quot;,&quot;button_width_laptop&quot;:&quot;100&quot;,&quot;button_width_tablet&quot;:&quot;20&quot;,&quot;_animation&quot;:&quot;fadeIn&quot;,&quot;_animation_delay&quot;:350,&quot;step_type&quot;:&quot;number_text&quot;,&quot;step_icon_shape&quot;:&quot;circle&quot;}\" data-widget_type=\"form.default\">\n\t\t\t\t<div class=\"elementor-widget-container\">\n\t\t\t\t\t\t\t<form class=\"elementor-form\" method=\"post\" name=\"JLC Contact Us\" aria-label=\"JLC Contact Us\">\n\t\t\t<input type=\"hidden\" name=\"post_id\" value=\"1906\"\/>\n\t\t\t<input type=\"hidden\" name=\"form_id\" value=\"9140d23\"\/>\n\t\t\t<input type=\"hidden\" name=\"referer_title\" value=\"JLC\" \/>\n\n\t\t\t\n\t\t\t<div class=\"elementor-form-fields-wrapper elementor-labels-\">\n\t\t\t\t\t\t\t\t<div class=\"elementor-field-type-text elementor-field-group elementor-column elementor-field-group-name elementor-col-50 elementor-field-required\">\n\t\t\t\t\t\t\t\t\t\t\t\t<label for=\"form-field-name\" class=\"elementor-field-label elementor-screen-only\">\n\t\t\t\t\t\t\t\tName\t\t\t\t\t\t\t<\/label>\n\t\t\t\t\t\t\t\t\t\t\t\t\t\t<input size=\"1\" type=\"text\" name=\"form_fields[name]\" id=\"form-field-name\" class=\"elementor-field elementor-size-sm  elementor-field-textual\" placeholder=\"name *\" required=\"required\">\n\t\t\t\t\t\t\t\t\t\t\t<\/div>\n\t\t\t\t\t\t\t\t<div class=\"elementor-field-type-text elementor-field-group elementor-column elementor-field-group-field_37be4a3 elementor-col-50 elementor-field-required\">\n\t\t\t\t\t\t\t\t\t\t\t\t<label for=\"form-field-field_37be4a3\" class=\"elementor-field-label elementor-screen-only\">\n\t\t\t\t\t\t\t\tSurname\t\t\t\t\t\t\t<\/label>\n\t\t\t\t\t\t\t\t\t\t\t\t\t\t<input size=\"1\" type=\"text\" name=\"form_fields[field_37be4a3]\" id=\"form-field-field_37be4a3\" class=\"elementor-field elementor-size-sm  elementor-field-textual\" placeholder=\"surname *\" required=\"required\">\n\t\t\t\t\t\t\t\t\t\t\t<\/div>\n\t\t\t\t\t\t\t\t<div class=\"elementor-field-type-email elementor-field-group elementor-column elementor-field-group-email elementor-col-100 elementor-field-required\">\n\t\t\t\t\t\t\t\t\t\t\t\t<label for=\"form-field-email\" class=\"elementor-field-label elementor-screen-only\">\n\t\t\t\t\t\t\t\tEmail\t\t\t\t\t\t\t<\/label>\n\t\t\t\t\t\t\t\t\t\t\t\t\t\t<input size=\"1\" type=\"email\" name=\"form_fields[email]\" id=\"form-field-email\" class=\"elementor-field elementor-size-sm  elementor-field-textual\" placeholder=\"email *\" required=\"required\">\n\t\t\t\t\t\t\t\t\t\t\t<\/div>\n\t\t\t\t\t\t\t\t<div class=\"elementor-field-type-textarea elementor-field-group elementor-column elementor-field-group-message elementor-col-100\">\n\t\t\t\t\t\t\t\t\t\t\t\t<label for=\"form-field-message\" class=\"elementor-field-label elementor-screen-only\">\n\t\t\t\t\t\t\t\tMessage\t\t\t\t\t\t\t<\/label>\n\t\t\t\t\t\t<textarea class=\"elementor-field-textual elementor-field  elementor-size-sm\" name=\"form_fields[message]\" id=\"form-field-message\" rows=\"7\" placeholder=\"message\"><\/textarea>\t\t\t\t<\/div>\n\t\t\t\t\t\t\t\t<div class=\"elementor-field-type-acceptance elementor-field-group elementor-column elementor-field-group-field_data_acceptance elementor-col-80 elementor-md-80 elementor-field-required\">\n\t\t\t\t\t\t\t\t\t\t\t\t<label for=\"form-field-field_data_acceptance\" class=\"elementor-field-label elementor-screen-only\">\n\t\t\t\t\t\t\t\tData Acceptance\t\t\t\t\t\t\t<\/label>\n\t\t\t\t\t\t\t\t<div class=\"elementor-field-subgroup\">\n\t\t\t<span class=\"elementor-field-option\">\n\t\t\t\t<input type=\"checkbox\" name=\"form_fields[field_data_acceptance]\" id=\"form-field-field_data_acceptance\" class=\"elementor-field elementor-size-sm  elementor-acceptance-field\" required=\"required\">\n\t\t\t\t<label for=\"form-field-field_data_acceptance\">I declare that I have read the privacy policy and consent to the processing of my personal data.<\/label>\t\t\t<\/span>\n\t\t<\/div>\n\t\t\t\t\t\t<\/div>\n\t\t\t\t\t\t\t\t<div class=\"elementor-field-type-acceptance elementor-field-group elementor-column elementor-field-group-field_1dcb013 elementor-col-80 elementor-md-80 elementor-field-required\">\n\t\t\t\t\t\t\t\t\t\t\t\t<label for=\"form-field-field_1dcb013\" class=\"elementor-field-label elementor-screen-only\">\n\t\t\t\t\t\t\t\tData Acceptance\t\t\t\t\t\t\t<\/label>\n\t\t\t\t\t\t\t\t<div class=\"elementor-field-subgroup\">\n\t\t\t<span class=\"elementor-field-option\">\n\t\t\t\t<input type=\"checkbox\" name=\"form_fields[field_1dcb013]\" id=\"form-field-field_1dcb013\" class=\"elementor-field elementor-size-sm  elementor-acceptance-field\" required=\"required\">\n\t\t\t\t<label for=\"form-field-field_1dcb013\">Having taken note of the privacy policy in relation to the processing of the data referred to in this contact form for the purposes and in the manner indicated.<\/label>\t\t\t<\/span>\n\t\t<\/div>\n\t\t\t\t\t\t<\/div>\n\t\t\t\t\t\t\t\t<div class=\"elementor-field-group elementor-column elementor-field-type-submit elementor-col-20 e-form__buttons elementor-md-20\">\n\t\t\t\t\t<button class=\"elementor-button elementor-size-sm\" type=\"submit\">\n\t\t\t\t\t\t<span class=\"elementor-button-content-wrapper\">\n\t\t\t\t\t\t\t\t\t\t\t\t\t\t\t\t\t\t\t\t\t\t<span class=\"elementor-button-text\">Send<\/span>\n\t\t\t\t\t\t\t\t\t\t\t\t\t<\/span>\n\t\t\t\t\t<\/button>\n\t\t\t\t<\/div>\n\t\t\t<\/div>\n\t\t<\/form>\n\t\t\t\t\t\t<\/div>\n\t\t\t\t<\/div>\n\t\t\t\t<\/div>\n\t\t<div class=\"elementor-element elementor-element-8ec31a4 e-con-full e-flex e-con e-child\" data-id=\"8ec31a4\" data-element_type=\"container\" data-e-type=\"container\">\n\t\t\t\t<div class=\"elementor-element elementor-element-5fb11e4 elementor-invisible elementor-widget elementor-widget-html\" data-id=\"5fb11e4\" data-element_type=\"widget\" data-e-type=\"widget\" data-settings=\"{&quot;_animation&quot;:&quot;fadeIn&quot;,&quot;_animation_delay&quot;:400}\" data-widget_type=\"html.default\">\n\t\t\t\t<div class=\"elementor-widget-container\">\n\t\t\t\t\t<style>\n#mapbox { height: 660px;}\n#map { position: absolute; top: 0; bottom: 0; width: 100%; }\n.marker {\n    display: block;\n    border: none;\n    padding: 0;\n    cursor: pointer;\n}\n.mapboxgl-popup {\n    max-width: 400px;\n    font: 12px\/20px \"Manrope\", Sans-serif;\n}\n\n.mapboxgl-popup p{\n    line-height: 1.2em;\n}\n\n.mapboxgl-popup-close-button{\n    padding: 3px 5px 5px;\n    line-height: 12px;\n    background-color: #1B271F;\n    border: none;\n    color: #fff;\n    border-radius: 0px;\n}\n.mapboxgl-popup-close-button:hover,\n.mapboxgl-popup-close-button:focus{\n    padding: 3px 5px 5px;\n    line-height: 12px;\n    background-color: #1B271F;\n    border: none;\n    color: #fff;\n    border-radius: 0px;\n}\n.mapboxgl-ctrl-attrib-button{\n    display: none;\n}\n\n<\/style>\n<div id=\"mapbox\">\n    <div id=\"map\"><\/div>\n<\/div>\n\n<script>\n\tmapboxgl.accessToken = 'pk.eyJ1IjoiZm9jdXNmaXRuZXNzIiwiYSI6ImNsamU1cmRzMjJlZ3UzZXRlNHQ3MDJmbzAifQ.zmqIVnQ5akDHYAtZUuI3Fg';\n    const map = new mapboxgl.Map({\n        container: 'map',\n        \/\/ Choose from Mapbox's core styles, or make your own style with Mapbox Studio\n        style: 'mapbox:\/\/styles\/focusfitness\/cm4bfqs3c000r01s893rib5mj',\n        center: [-8.725130814827788, 41.360448941225656],\n        zoom: 12\n    });\n    \n    const geojson = {\n        'type': 'FeatureCollection',\n        'features': [\n        {\n            'type': 'Feature',\n            'properties': {\n                'description':\n                '<h6 style=\"font-size:15px;margin-bottom:5px;\"><strong>Jos\u00e9 Leite de Castro<\/strong><\/h6><p style=\"margin-bottom: 10px !important;\">Bairro de S\u00e3o Jos\u00e9 154, 4480-748 Vila do Conde<\/p><p style=\"margin-bottom: 10px !important;\">Contacto: <a href=\"tel:+351252640780\">+351 252 640 780<\/a><br><span style=\"font-size:10px;\">(Custo de uma chamada para rede fixa nacional)<\/span><br>Email: <a href=\"mailto:marketing@jlc.pt\">marketing@jlc.pt<\/a><\/p>',\n                'iconSize': [35, 35]\n            },\n            'geometry': {\n                'type': 'Point',\n                'coordinates': [-8.725130814827788, 41.360448941225656]\n            }\n        },\n        {\n            'type': 'Feature',\n            'properties': {\n                'description':\n                '<h6 style=\"font-size:15px;margin-bottom:5px;\"><strong>Showroom Casa da Lapa<\/strong><\/h6><p style=\"margin-bottom: 10px !important;\">R. da Lapa 11-17, 4480-757 Vila do Conde<\/p><p style=\"margin-bottom: 10px !important;\">Contacto: <a href=\"tel:+351252640780\">+351 252 640 780<\/a><br><span style=\"font-size:10px;\">(Custo de uma chamada para rede fixa nacional)<\/span><br>Email: <a href=\"mailto:marketing@jlc.pt\">marketing@jlc.pt<\/a><\/p>',\n                'iconSize': [35, 35]\n            },\n            'geometry': {\n                'type': 'Point',\n                'coordinates': [-8.741661080425903, 41.35760472240291]\n            }\n        },\n        ]\n    };\n\n    \/\/ Add markers to the map.\n    for (const marker of geojson.features) {\n        \/\/ Create a DOM element for each marker.\n        const el = document.createElement('div');\n        const width = marker.properties.iconSize[0];\n        const height = marker.properties.iconSize[1];\n        el.className = 'marker';\n        el.style.backgroundImage = `url(https:\/\/jlc.pt\/wp-content\/uploads\/2024\/12\/logo-jlc-mapa.png)`;\n        el.style.width = `${width}px`;\n        el.style.height = `${height}px`;\n        el.style.backgroundSize = '100%';\n\n        \/\/ Add markers to the map.\n        new mapboxgl.Marker(el)\n        .setLngLat(marker.geometry.coordinates)\n        .setPopup(\n            new mapboxgl.Popup({ offset: 25 }) \/\/ add popups\n                .setHTML(\n                    `${marker.properties.description}`\n                )\n        )\n        .addTo(map);\n    }\n    \n<\/script>\t\t\t\t<\/div>\n\t\t\t\t<\/div>\n\t\t\t\t<\/div>\n\t\t\t\t\t<\/div>\n\t\t\t\t<\/div>\n\t\t<div class=\"elementor-element elementor-element-331fd30 e-flex e-con-boxed elementor-invisible e-con e-parent\" data-id=\"331fd30\" data-element_type=\"container\" data-e-type=\"container\" data-settings=\"{&quot;animation&quot;:&quot;slideInUp&quot;,&quot;animation_delay&quot;:300}\">\n\t\t\t\t\t<div class=\"e-con-inner\">\n\t\t\t\t<div class=\"elementor-element elementor-element-d82e201 elementor-widget-mobile__width-inherit elementor-widget elementor-widget-text-editor\" data-id=\"d82e201\" data-element_type=\"widget\" data-e-type=\"widget\" data-widget_type=\"text-editor.default\">\n\t\t\t\t<div class=\"elementor-widget-container\">\n\t\t\t\t\t\t\t\t\t<p>General: info@jlc.pt \/ Sales: marketing@jlc.pt \/ Contact: +351 252 640 780<br><small>* National landline call charges<\/small><\/p>\t\t\t\t\t\t\t\t<\/div>\n\t\t\t\t<\/div>\n\t\t\t\t<div class=\"elementor-element elementor-element-c48d8b4 elementor-widget-mobile__width-inherit elementor-widget elementor-widget-text-editor\" data-id=\"c48d8b4\" data-element_type=\"widget\" data-e-type=\"widget\" data-widget_type=\"text-editor.default\">\n\t\t\t\t<div class=\"elementor-widget-container\">\n\t\t\t\t\t\t\t\t\tOpening Hours 09:00 &#8211; 12:30 \/ 14:00 &#8211; 18:30 GMT+1\t\t\t\t\t\t\t\t<\/div>\n\t\t\t\t<\/div>\n\t\t\t\t<div class=\"elementor-element elementor-element-b26195d elementor-widget-mobile__width-inherit elementor-widget elementor-widget-text-editor\" data-id=\"b26195d\" data-element_type=\"widget\" data-e-type=\"widget\" data-widget_type=\"text-editor.default\">\n\t\t\t\t<div class=\"elementor-widget-container\">\n\t\t\t\t\t\t\t\t\t08\/04\/2026 9:26 GMT+1\t\t\t\t\t\t\t\t<\/div>\n\t\t\t\t<\/div>\n\t\t\t\t\t<\/div>\n\t\t\t\t<\/div>\n\t\t\t\t<\/div>\n\t\t","protected":false},"excerpt":{"rendered":"<p>Contact Us At JLC, we are here to assist you with all your inquiries, from bespoke furniture designs to our collections and services. Use the form below to contact us, and our team will respond promptly to provide you with the information and support you need. Whether you are looking for custom design solutions or [&hellip;]<\/p>\n","protected":false},"author":1,"featured_media":0,"parent":0,"menu_order":0,"comment_status":"closed","ping_status":"closed","template":"elementor_header_footer","meta":{"footnotes":""},"class_list":["post-1906","page","type-page","status-publish","hentry"],"yoast_head":"<!-- This site is optimized with the Yoast SEO plugin v27.2 - https:\/\/yoast.com\/product\/yoast-seo-wordpress\/ -->\n<title>Contact Us \u2013 JLC Bespoke Furniture and Design Solutions<\/title>\n<meta name=\"description\" content=\"Contact us at JLC for bespoke furniture design inquiries. Our team is ready to assist you with personalized solutions for your space.\" \/>\n<meta name=\"robots\" content=\"index, follow, max-snippet:-1, max-image-preview:large, max-video-preview:-1\" \/>\n<link rel=\"canonical\" href=\"https:\/\/jlc.pt\/en\/contact-us\/\" \/>\n<meta property=\"og:locale\" content=\"en_US\" \/>\n<meta property=\"og:type\" content=\"article\" \/>\n<meta property=\"og:title\" content=\"Contact Us \u2013 JLC Bespoke Furniture and Design Solutions\" \/>\n<meta property=\"og:description\" content=\"Contact us at JLC for bespoke furniture design inquiries. Our team is ready to assist you with personalized solutions for your space.\" \/>\n<meta property=\"og:url\" content=\"https:\/\/jlc.pt\/en\/contact-us\/\" \/>\n<meta property=\"og:site_name\" content=\"JLC\" \/>\n<meta property=\"article:publisher\" content=\"https:\/\/www.facebook.com\/joseleitedecastro\/\" \/>\n<meta property=\"article:modified_time\" content=\"2025-09-10T12:32:37+00:00\" \/>\n<meta name=\"twitter:card\" content=\"summary_large_image\" \/>\n<meta name=\"twitter:label1\" content=\"Est. reading time\" \/>\n\t<meta name=\"twitter:data1\" content=\"1 minute\" \/>\n<script type=\"application\/ld+json\" class=\"yoast-schema-graph\">{\"@context\":\"https:\/\/schema.org\",\"@graph\":[{\"@type\":\"WebPage\",\"@id\":\"https:\/\/jlc.pt\/en\/contact-us\/\",\"url\":\"https:\/\/jlc.pt\/en\/contact-us\/\",\"name\":\"Contact Us \u2013 JLC Bespoke Furniture and Design Solutions\",\"isPartOf\":{\"@id\":\"https:\/\/jlc.pt\/en\/#website\"},\"datePublished\":\"2024-11-27T14:06:10+00:00\",\"dateModified\":\"2025-09-10T12:32:37+00:00\",\"description\":\"Contact us at JLC for bespoke furniture design inquiries. Our team is ready to assist you with personalized solutions for your space.\",\"breadcrumb\":{\"@id\":\"https:\/\/jlc.pt\/en\/contact-us\/#breadcrumb\"},\"inLanguage\":\"en-US\",\"potentialAction\":[{\"@type\":\"ReadAction\",\"target\":[\"https:\/\/jlc.pt\/en\/contact-us\/\"]}]},{\"@type\":\"BreadcrumbList\",\"@id\":\"https:\/\/jlc.pt\/en\/contact-us\/#breadcrumb\",\"itemListElement\":[{\"@type\":\"ListItem\",\"position\":1,\"name\":\"In\u00edcio\",\"item\":\"https:\/\/jlc.pt\/en\/\"},{\"@type\":\"ListItem\",\"position\":2,\"name\":\"Contact Us\"}]},{\"@type\":\"WebSite\",\"@id\":\"https:\/\/jlc.pt\/en\/#website\",\"url\":\"https:\/\/jlc.pt\/en\/\",\"name\":\"JLC\",\"description\":\"Jos\u00e9 Leite de Castro | Concep\u00e7\u00e3o e Produ\u00e7\u00e3o de Mobili\u00e1rio\",\"publisher\":{\"@id\":\"https:\/\/jlc.pt\/en\/#organization\"},\"potentialAction\":[{\"@type\":\"SearchAction\",\"target\":{\"@type\":\"EntryPoint\",\"urlTemplate\":\"https:\/\/jlc.pt\/en\/?s={search_term_string}\"},\"query-input\":{\"@type\":\"PropertyValueSpecification\",\"valueRequired\":true,\"valueName\":\"search_term_string\"}}],\"inLanguage\":\"en-US\"},{\"@type\":\"Organization\",\"@id\":\"https:\/\/jlc.pt\/en\/#organization\",\"name\":\"Jos\u00e9 Leite de Castro\",\"url\":\"https:\/\/jlc.pt\/en\/\",\"logo\":{\"@type\":\"ImageObject\",\"inLanguage\":\"en-US\",\"@id\":\"https:\/\/jlc.pt\/en\/#\/schema\/logo\/image\/\",\"url\":\"https:\/\/jlc.pt\/wp-content\/uploads\/2024\/11\/jlc-logo-g.png\",\"contentUrl\":\"https:\/\/jlc.pt\/wp-content\/uploads\/2024\/11\/jlc-logo-g.png\",\"width\":75,\"height\":64,\"caption\":\"Jos\u00e9 Leite de Castro\"},\"image\":{\"@id\":\"https:\/\/jlc.pt\/en\/#\/schema\/logo\/image\/\"},\"sameAs\":[\"https:\/\/www.facebook.com\/joseleitedecastro\/\",\"https:\/\/www.linkedin.com\/company\/joseleitedecastro\/\",\"https:\/\/www.instagram.com\/joseleitedecastro\/\",\"https:\/\/pt.pinterest.com\/joseleitedecastro\/\"]}]}<\/script>\n<!-- \/ Yoast SEO plugin. -->","yoast_head_json":{"title":"Contact Us \u2013 JLC Bespoke Furniture and Design Solutions","description":"Contact us at JLC for bespoke furniture design inquiries. Our team is ready to assist you with personalized solutions for your space.","robots":{"index":"index","follow":"follow","max-snippet":"max-snippet:-1","max-image-preview":"max-image-preview:large","max-video-preview":"max-video-preview:-1"},"canonical":"https:\/\/jlc.pt\/en\/contact-us\/","og_locale":"en_US","og_type":"article","og_title":"Contact Us \u2013 JLC Bespoke Furniture and Design Solutions","og_description":"Contact us at JLC for bespoke furniture design inquiries. Our team is ready to assist you with personalized solutions for your space.","og_url":"https:\/\/jlc.pt\/en\/contact-us\/","og_site_name":"JLC","article_publisher":"https:\/\/www.facebook.com\/joseleitedecastro\/","article_modified_time":"2025-09-10T12:32:37+00:00","twitter_card":"summary_large_image","twitter_misc":{"Est. reading time":"1 minute"},"schema":{"@context":"https:\/\/schema.org","@graph":[{"@type":"WebPage","@id":"https:\/\/jlc.pt\/en\/contact-us\/","url":"https:\/\/jlc.pt\/en\/contact-us\/","name":"Contact Us \u2013 JLC Bespoke Furniture and Design Solutions","isPartOf":{"@id":"https:\/\/jlc.pt\/en\/#website"},"datePublished":"2024-11-27T14:06:10+00:00","dateModified":"2025-09-10T12:32:37+00:00","description":"Contact us at JLC for bespoke furniture design inquiries. Our team is ready to assist you with personalized solutions for your space.","breadcrumb":{"@id":"https:\/\/jlc.pt\/en\/contact-us\/#breadcrumb"},"inLanguage":"en-US","potentialAction":[{"@type":"ReadAction","target":["https:\/\/jlc.pt\/en\/contact-us\/"]}]},{"@type":"BreadcrumbList","@id":"https:\/\/jlc.pt\/en\/contact-us\/#breadcrumb","itemListElement":[{"@type":"ListItem","position":1,"name":"In\u00edcio","item":"https:\/\/jlc.pt\/en\/"},{"@type":"ListItem","position":2,"name":"Contact Us"}]},{"@type":"WebSite","@id":"https:\/\/jlc.pt\/en\/#website","url":"https:\/\/jlc.pt\/en\/","name":"JLC","description":"Jos\u00e9 Leite de Castro | Concep\u00e7\u00e3o e Produ\u00e7\u00e3o de Mobili\u00e1rio","publisher":{"@id":"https:\/\/jlc.pt\/en\/#organization"},"potentialAction":[{"@type":"SearchAction","target":{"@type":"EntryPoint","urlTemplate":"https:\/\/jlc.pt\/en\/?s={search_term_string}"},"query-input":{"@type":"PropertyValueSpecification","valueRequired":true,"valueName":"search_term_string"}}],"inLanguage":"en-US"},{"@type":"Organization","@id":"https:\/\/jlc.pt\/en\/#organization","name":"Jos\u00e9 Leite de Castro","url":"https:\/\/jlc.pt\/en\/","logo":{"@type":"ImageObject","inLanguage":"en-US","@id":"https:\/\/jlc.pt\/en\/#\/schema\/logo\/image\/","url":"https:\/\/jlc.pt\/wp-content\/uploads\/2024\/11\/jlc-logo-g.png","contentUrl":"https:\/\/jlc.pt\/wp-content\/uploads\/2024\/11\/jlc-logo-g.png","width":75,"height":64,"caption":"Jos\u00e9 Leite de Castro"},"image":{"@id":"https:\/\/jlc.pt\/en\/#\/schema\/logo\/image\/"},"sameAs":["https:\/\/www.facebook.com\/joseleitedecastro\/","https:\/\/www.linkedin.com\/company\/joseleitedecastro\/","https:\/\/www.instagram.com\/joseleitedecastro\/","https:\/\/pt.pinterest.com\/joseleitedecastro\/"]}]}},"_links":{"self":[{"href":"https:\/\/jlc.pt\/en\/wp-json\/wp\/v2\/pages\/1906","targetHints":{"allow":["GET"]}}],"collection":[{"href":"https:\/\/jlc.pt\/en\/wp-json\/wp\/v2\/pages"}],"about":[{"href":"https:\/\/jlc.pt\/en\/wp-json\/wp\/v2\/types\/page"}],"author":[{"embeddable":true,"href":"https:\/\/jlc.pt\/en\/wp-json\/wp\/v2\/users\/1"}],"replies":[{"embeddable":true,"href":"https:\/\/jlc.pt\/en\/wp-json\/wp\/v2\/comments?post=1906"}],"version-history":[{"count":16,"href":"https:\/\/jlc.pt\/en\/wp-json\/wp\/v2\/pages\/1906\/revisions"}],"predecessor-version":[{"id":12606,"href":"https:\/\/jlc.pt\/en\/wp-json\/wp\/v2\/pages\/1906\/revisions\/12606"}],"wp:attachment":[{"href":"https:\/\/jlc.pt\/en\/wp-json\/wp\/v2\/media?parent=1906"}],"curies":[{"name":"wp","href":"https:\/\/api.w.org\/{rel}","templated":true}]}}