{"id":1915,"date":"2024-12-03T11:03:41","date_gmt":"2024-12-03T10:03:41","guid":{"rendered":"https:\/\/jlc.pt\/login\/"},"modified":"2025-10-24T10:07:14","modified_gmt":"2025-10-24T09:07:14","slug":"login","status":"publish","type":"page","link":"https:\/\/jlc.pt\/en\/login\/","title":{"rendered":"Login"},"content":{"rendered":"\t\t<div data-elementor-type=\"wp-page\" data-elementor-id=\"1915\" class=\"elementor elementor-1915 elementor-1507\" data-elementor-post-type=\"page\">\n\t\t\t\t<div class=\"elementor-element elementor-element-d771944 e-con-full e-flex e-con e-parent\" data-id=\"d771944\" data-element_type=\"container\" data-e-type=\"container\">\n\t\t<div class=\"elementor-element elementor-element-9f99c14 e-con-full elementor-hidden-mobile e-flex e-con e-child\" data-id=\"9f99c14\" data-element_type=\"container\" data-e-type=\"container\" data-settings=\"{&quot;background_background&quot;:&quot;classic&quot;}\">\n\t\t\t\t<\/div>\n\t\t<div class=\"elementor-element elementor-element-a7b1af6 e-con-full e-flex e-con e-child\" data-id=\"a7b1af6\" data-element_type=\"container\" data-e-type=\"container\">\n\t\t<div class=\"elementor-element elementor-element-5ac0d9a e-flex e-con-boxed e-con e-child\" data-id=\"5ac0d9a\" data-element_type=\"container\" data-e-type=\"container\">\n\t\t\t\t\t<div class=\"e-con-inner\">\n\t\t\t\t<div class=\"elementor-element elementor-element-23c5a6c elementor-widget elementor-widget-heading\" data-id=\"23c5a6c\" data-element_type=\"widget\" data-e-type=\"widget\" data-widget_type=\"heading.default\">\n\t\t\t\t<div class=\"elementor-widget-container\">\n\t\t\t\t\t<h1 class=\"elementor-heading-title elementor-size-default\">Exclusive Area<\/h1>\t\t\t\t<\/div>\n\t\t\t\t<\/div>\n\t\t\t\t<div class=\"elementor-element elementor-element-220bb26 elementor-widget elementor-widget-text-editor\" data-id=\"220bb26\" data-element_type=\"widget\" data-e-type=\"widget\" data-widget_type=\"text-editor.default\">\n\t\t\t\t<div class=\"elementor-widget-container\">\n\t\t\t\t\t\t\t\t\t<p>Get access to Catalogues, Technical Sheets, 2D\/3D, Images, Wishlist.<\/p>\t\t\t\t\t\t\t\t<\/div>\n\t\t\t\t<\/div>\n\t\t\t\t<div class=\"elementor-element elementor-element-faf2bfb elementor-widget elementor-widget-user-registration-login\" data-id=\"faf2bfb\" data-element_type=\"widget\" data-e-type=\"widget\" id=\"login-form\" data-widget_type=\"user-registration-login.default\">\n\t\t\t\t<div class=\"elementor-widget-container\">\n\t\t\t\t\t<div id=\"user-registration\" class=\"user-registration\">\n<div class=\"ur-frontend-form login  \" id=\"ur-frontend-form\">\n\t\t<form class=\"user-registration-form user-registration-form-login login\" method=\"post\">\n\t\t<div class=\"ur-form-row\">\n\t\t\t<div class=\"ur-form-grid\">\n\t\t\t\t\t\t\t\t\t\t\t\t<div\n\t\t\t\t\tclass=\" user-registration-form-row user-registration-form-row--wide form-row form-row-wide\"\n\t\t\t\t\tdata-field=\"username\">\n\t\t\t\t\t\t\t\t\t\t<span class=\"input-wrapper\">\n\t\t\t\t\t\t<input placeholder=\"email\" type=\"text\"\n\t\t\t\t\t\t\t\tclass=\"user-registration-Input user-registration-Input--text input-text\" name=\"username\"\n\t\t\t\t\t\t\t\tid=\"username\"\n\t\t\t\t\t\t\t   value=\"\"\n\t\t\t\t\t\t\t\tstyle=\"\"\n\t\t\t\t\t\t\t\t\t\t\t\t\t\t\/>\n\t\t\t\t\t\t\t\t\t\t\t\t<\/span>\n\t\t\t\t<\/div>\n\t\t\t\t\t\t\t\t\t<div\n\t\t\t\t\t\tclass=\" user-registration-form-row user-registration-form-row--wide form-row form-row-wide\"\n\t\t\t\t\t\tdata-field=\"password\">\n\t\t\t\t\t\t\t\t\t\t\t\t<span class=\"input-wrapper\">\n\t\t\t\t\t\t<span class=\"password-input-group\">\n\t\t\t\t\t\t<input\n\t\t\t\t\t\t\tplaceholder=\"password\"\n\t\t\t\t\t\t\tclass=\"user-registration-Input user-registration-Input--text input-text\" type=\"password\"\n\t\t\t\t\t\t\tname=\"password\" id=\"password\"\n\t\t\t\t\t\t\tstyle=\"\"\n\t\t\t\t\t\t\t\t\t\t\t\t\t\/>\n\n\t\t\t\t\t\t\t\t\t\t\t\t\t\t\t\t\t\t\t<\/span>\n\t\t\t\t\t<\/div>\n\t\t\t\t\t\t\t\t\n\t\t\t\t\t\t\t\t<div class=\"form-row\">\n\t\t\t\t\t<input type=\"hidden\" id=\"user-registration-login-nonce\" name=\"user-registration-login-nonce\" value=\"97c9676141\" \/><input type=\"hidden\" name=\"_wp_http_referer\" value=\"\/en\/wp-json\/wp\/v2\/pages\/1915\" \/>\t\t\t\t\t\t<div class=\"user-registration-before-login-btn\">\n\t\t\t\t\t\t\t\t\t\t\t\t\t\t\t\t\t\t\t\t\t\t<div data-field=\"lost-password\"\n\t\t\t\t\t\t\t\t\tclass=\"user-registration-LostPassword lost_password \">\n\t\t\t\t\t\t\t\t\t<label\n\t\t\t\t\t\t\t\t\t\tclass=\"user-registration-form__label user-registration-form__label-for-checkbox inline\">\n\t\t\t\t\t\t\t\t\t\t<a href=\"https:\/\/jlc.pt\/en\/account\/forgot-password\/\">lost your password?<\/a>\n\t\t\t\t\t\t\t\t\t<\/label>\n\t\t\t\t\t\t\t\t<\/div>\n\t\t\t\t\t\t\t\t\t\t\t\t\t\t<\/div>\n\t\t\t\t\t\t\t\t\t\t<\/div>\n\t\t\t\t<div data-field=\"login-button\" class=\"\">\n\t\t\t\t\t\t\t\t\t\t\t\t\t\t\t\t<button type=\"submit\"\n\t\t\t\t\t\t\t\tclass=\"user-registration-Button button ur-submit-button \"\n\t\t\t\t\t\t\t\tid=\"user_registration_ajax_login_submit\" name=\"login\"\n\t\t\t\t\t\t\t\tvalue=\"Login\">Login\t\t\t\t\t\t\t<span><\/span><\/button>\n\t\t\t\t\t\t\t\t\t<\/div>\n\t\t\t\t<input type=\"hidden\" name=\"redirect\"\n\t\t\t\t\t\tvalue=\"\"\/>\n\t\t\t\t<input type=\"hidden\" name=\"previous_page\" value=\"\"\/>\n\t\t\t\t<div class=\"user-registration-register register \" data-field=\"registration-setting\">\t\t\t\t\t\t\t<a href=\"https:\/\/jlc.pt\/en\/create-account\/\"> create account\t\t\t\t\t\t<\/a>\n\t\t\t\t\t\t<\/div>\t\t\t\t\t\t\t<\/div>\n\t\t<\/div>\n\t<\/form>\n<\/div>\n\n<\/div>\t\t\t\t<\/div>\n\t\t\t\t<\/div>\n\t\t\t\t\t<\/div>\n\t\t\t\t<\/div>\n\t\t\t\t<\/div>\n\t\t\t\t<\/div>\n\t\t\t\t<\/div>\n\t\t","protected":false},"excerpt":{"rendered":"<p>Exclusive Area Get access to Catalogues, Technical Sheets, 2D\/3D, Images, Wishlist. perdeu a sua palavra-passe? Entrar criar conta<\/p>\n","protected":false},"author":1,"featured_media":0,"parent":0,"menu_order":0,"comment_status":"closed","ping_status":"closed","template":"elementor_header_footer","meta":{"footnotes":""},"class_list":["post-1915","page","type-page","status-publish","hentry"],"yoast_head":"<!-- This site is optimized with the Yoast SEO plugin v27.2 - https:\/\/yoast.com\/product\/yoast-seo-wordpress\/ -->\n<title>Login - JLC<\/title>\n<meta name=\"robots\" content=\"index, follow, max-snippet:-1, max-image-preview:large, max-video-preview:-1\" \/>\n<link rel=\"canonical\" href=\"https:\/\/jlc.pt\/en\/login\/\" \/>\n<meta property=\"og:locale\" content=\"en_US\" \/>\n<meta property=\"og:type\" content=\"article\" \/>\n<meta property=\"og:title\" content=\"Login - JLC\" \/>\n<meta property=\"og:description\" content=\"Exclusive Area Get access to Catalogues, Technical Sheets, 2D\/3D, Images, Wishlist. perdeu a sua palavra-passe? Entrar criar conta\" \/>\n<meta property=\"og:url\" content=\"https:\/\/jlc.pt\/en\/login\/\" \/>\n<meta property=\"og:site_name\" content=\"JLC\" \/>\n<meta property=\"article:publisher\" content=\"https:\/\/www.facebook.com\/joseleitedecastro\/\" \/>\n<meta property=\"article:modified_time\" content=\"2025-10-24T09:07:14+00:00\" \/>\n<meta name=\"twitter:card\" content=\"summary_large_image\" \/>\n<script type=\"application\/ld+json\" class=\"yoast-schema-graph\">{\"@context\":\"https:\/\/schema.org\",\"@graph\":[{\"@type\":\"WebPage\",\"@id\":\"https:\/\/jlc.pt\/en\/login\/\",\"url\":\"https:\/\/jlc.pt\/en\/login\/\",\"name\":\"Login - JLC\",\"isPartOf\":{\"@id\":\"https:\/\/jlc.pt\/en\/#website\"},\"datePublished\":\"2024-12-03T10:03:41+00:00\",\"dateModified\":\"2025-10-24T09:07:14+00:00\",\"breadcrumb\":{\"@id\":\"https:\/\/jlc.pt\/en\/login\/#breadcrumb\"},\"inLanguage\":\"en-US\",\"potentialAction\":[{\"@type\":\"ReadAction\",\"target\":[\"https:\/\/jlc.pt\/en\/login\/\"]}]},{\"@type\":\"BreadcrumbList\",\"@id\":\"https:\/\/jlc.pt\/en\/login\/#breadcrumb\",\"itemListElement\":[{\"@type\":\"ListItem\",\"position\":1,\"name\":\"In\u00edcio\",\"item\":\"https:\/\/jlc.pt\/en\/\"},{\"@type\":\"ListItem\",\"position\":2,\"name\":\"Login\"}]},{\"@type\":\"WebSite\",\"@id\":\"https:\/\/jlc.pt\/en\/#website\",\"url\":\"https:\/\/jlc.pt\/en\/\",\"name\":\"JLC\",\"description\":\"Jos\u00e9 Leite de Castro | Concep\u00e7\u00e3o e Produ\u00e7\u00e3o de Mobili\u00e1rio\",\"publisher\":{\"@id\":\"https:\/\/jlc.pt\/en\/#organization\"},\"potentialAction\":[{\"@type\":\"SearchAction\",\"target\":{\"@type\":\"EntryPoint\",\"urlTemplate\":\"https:\/\/jlc.pt\/en\/?s={search_term_string}\"},\"query-input\":{\"@type\":\"PropertyValueSpecification\",\"valueRequired\":true,\"valueName\":\"search_term_string\"}}],\"inLanguage\":\"en-US\"},{\"@type\":\"Organization\",\"@id\":\"https:\/\/jlc.pt\/en\/#organization\",\"name\":\"Jos\u00e9 Leite de Castro\",\"url\":\"https:\/\/jlc.pt\/en\/\",\"logo\":{\"@type\":\"ImageObject\",\"inLanguage\":\"en-US\",\"@id\":\"https:\/\/jlc.pt\/en\/#\/schema\/logo\/image\/\",\"url\":\"https:\/\/jlc.pt\/wp-content\/uploads\/2024\/11\/jlc-logo-g.png\",\"contentUrl\":\"https:\/\/jlc.pt\/wp-content\/uploads\/2024\/11\/jlc-logo-g.png\",\"width\":75,\"height\":64,\"caption\":\"Jos\u00e9 Leite de Castro\"},\"image\":{\"@id\":\"https:\/\/jlc.pt\/en\/#\/schema\/logo\/image\/\"},\"sameAs\":[\"https:\/\/www.facebook.com\/joseleitedecastro\/\",\"https:\/\/www.linkedin.com\/company\/joseleitedecastro\/\",\"https:\/\/www.instagram.com\/joseleitedecastro\/\",\"https:\/\/pt.pinterest.com\/joseleitedecastro\/\"]}]}<\/script>\n<!-- \/ Yoast SEO plugin. -->","yoast_head_json":{"title":"Login - JLC","robots":{"index":"index","follow":"follow","max-snippet":"max-snippet:-1","max-image-preview":"max-image-preview:large","max-video-preview":"max-video-preview:-1"},"canonical":"https:\/\/jlc.pt\/en\/login\/","og_locale":"en_US","og_type":"article","og_title":"Login - JLC","og_description":"Exclusive Area Get access to Catalogues, Technical Sheets, 2D\/3D, Images, Wishlist. perdeu a sua palavra-passe? Entrar criar conta","og_url":"https:\/\/jlc.pt\/en\/login\/","og_site_name":"JLC","article_publisher":"https:\/\/www.facebook.com\/joseleitedecastro\/","article_modified_time":"2025-10-24T09:07:14+00:00","twitter_card":"summary_large_image","schema":{"@context":"https:\/\/schema.org","@graph":[{"@type":"WebPage","@id":"https:\/\/jlc.pt\/en\/login\/","url":"https:\/\/jlc.pt\/en\/login\/","name":"Login - JLC","isPartOf":{"@id":"https:\/\/jlc.pt\/en\/#website"},"datePublished":"2024-12-03T10:03:41+00:00","dateModified":"2025-10-24T09:07:14+00:00","breadcrumb":{"@id":"https:\/\/jlc.pt\/en\/login\/#breadcrumb"},"inLanguage":"en-US","potentialAction":[{"@type":"ReadAction","target":["https:\/\/jlc.pt\/en\/login\/"]}]},{"@type":"BreadcrumbList","@id":"https:\/\/jlc.pt\/en\/login\/#breadcrumb","itemListElement":[{"@type":"ListItem","position":1,"name":"In\u00edcio","item":"https:\/\/jlc.pt\/en\/"},{"@type":"ListItem","position":2,"name":"Login"}]},{"@type":"WebSite","@id":"https:\/\/jlc.pt\/en\/#website","url":"https:\/\/jlc.pt\/en\/","name":"JLC","description":"Jos\u00e9 Leite de Castro | Concep\u00e7\u00e3o e Produ\u00e7\u00e3o de Mobili\u00e1rio","publisher":{"@id":"https:\/\/jlc.pt\/en\/#organization"},"potentialAction":[{"@type":"SearchAction","target":{"@type":"EntryPoint","urlTemplate":"https:\/\/jlc.pt\/en\/?s={search_term_string}"},"query-input":{"@type":"PropertyValueSpecification","valueRequired":true,"valueName":"search_term_string"}}],"inLanguage":"en-US"},{"@type":"Organization","@id":"https:\/\/jlc.pt\/en\/#organization","name":"Jos\u00e9 Leite de Castro","url":"https:\/\/jlc.pt\/en\/","logo":{"@type":"ImageObject","inLanguage":"en-US","@id":"https:\/\/jlc.pt\/en\/#\/schema\/logo\/image\/","url":"https:\/\/jlc.pt\/wp-content\/uploads\/2024\/11\/jlc-logo-g.png","contentUrl":"https:\/\/jlc.pt\/wp-content\/uploads\/2024\/11\/jlc-logo-g.png","width":75,"height":64,"caption":"Jos\u00e9 Leite de Castro"},"image":{"@id":"https:\/\/jlc.pt\/en\/#\/schema\/logo\/image\/"},"sameAs":["https:\/\/www.facebook.com\/joseleitedecastro\/","https:\/\/www.linkedin.com\/company\/joseleitedecastro\/","https:\/\/www.instagram.com\/joseleitedecastro\/","https:\/\/pt.pinterest.com\/joseleitedecastro\/"]}]}},"_links":{"self":[{"href":"https:\/\/jlc.pt\/en\/wp-json\/wp\/v2\/pages\/1915","targetHints":{"allow":["GET"]}}],"collection":[{"href":"https:\/\/jlc.pt\/en\/wp-json\/wp\/v2\/pages"}],"about":[{"href":"https:\/\/jlc.pt\/en\/wp-json\/wp\/v2\/types\/page"}],"author":[{"embeddable":true,"href":"https:\/\/jlc.pt\/en\/wp-json\/wp\/v2\/users\/1"}],"replies":[{"embeddable":true,"href":"https:\/\/jlc.pt\/en\/wp-json\/wp\/v2\/comments?post=1915"}],"version-history":[{"count":10,"href":"https:\/\/jlc.pt\/en\/wp-json\/wp\/v2\/pages\/1915\/revisions"}],"predecessor-version":[{"id":12667,"href":"https:\/\/jlc.pt\/en\/wp-json\/wp\/v2\/pages\/1915\/revisions\/12667"}],"wp:attachment":[{"href":"https:\/\/jlc.pt\/en\/wp-json\/wp\/v2\/media?parent=1915"}],"curies":[{"name":"wp","href":"https:\/\/api.w.org\/{rel}","templated":true}]}}