{"id":1928,"date":"2024-11-29T10:04:15","date_gmt":"2024-11-29T09:04:15","guid":{"rendered":"https:\/\/jlc.pt\/projects\/"},"modified":"2025-04-22T16:06:13","modified_gmt":"2025-04-22T15:06:13","slug":"projects","status":"publish","type":"page","link":"https:\/\/jlc.pt\/en\/projects\/","title":{"rendered":"Projects"},"content":{"rendered":"\t\t<div data-elementor-type=\"wp-page\" data-elementor-id=\"1928\" class=\"elementor elementor-1928 elementor-921\" data-elementor-post-type=\"page\">\n\t\t\t\t<div class=\"elementor-element elementor-element-8ab87c6 e-flex e-con-boxed e-con e-parent\" data-id=\"8ab87c6\" data-element_type=\"container\" data-e-type=\"container\">\n\t\t\t\t\t<div class=\"e-con-inner\">\n\t\t\t\t<div class=\"elementor-element elementor-element-5da31e7 elementor-invisible elementor-widget elementor-widget-heading\" data-id=\"5da31e7\" data-element_type=\"widget\" data-e-type=\"widget\" data-settings=\"{&quot;_animation&quot;:&quot;slideInUp&quot;,&quot;_animation_delay&quot;:200}\" data-widget_type=\"heading.default\">\n\t\t\t\t<div class=\"elementor-widget-container\">\n\t\t\t\t\t<h1 class=\"elementor-heading-title elementor-size-default\">Projects<\/h1>\t\t\t\t<\/div>\n\t\t\t\t<\/div>\n\t\t\t\t\t<\/div>\n\t\t\t\t<\/div>\n\t\t<div class=\"elementor-element elementor-element-c778423 e-flex e-con-boxed e-con e-parent\" data-id=\"c778423\" data-element_type=\"container\" data-e-type=\"container\">\n\t\t\t\t\t<div class=\"e-con-inner\">\n\t\t\t\t<div class=\"elementor-element elementor-element-f38a8a4 elementor-grid-2 elementor-grid-tablet-2 elementor-grid-mobile-1 elementor-invisible elementor-widget elementor-widget-jlc_projects\" data-id=\"f38a8a4\" data-element_type=\"widget\" data-e-type=\"widget\" id=\"jlc-projects\" data-settings=\"{&quot;columns&quot;:&quot;2&quot;,&quot;item_ratio&quot;:{&quot;unit&quot;:&quot;px&quot;,&quot;size&quot;:&quot;&quot;,&quot;sizes&quot;:[]},&quot;row_gap&quot;:{&quot;unit&quot;:&quot;px&quot;,&quot;size&quot;:115,&quot;sizes&quot;:[]},&quot;_animation&quot;:&quot;fadeIn&quot;,&quot;_animation_delay&quot;:300,&quot;row_gap_laptop&quot;:{&quot;unit&quot;:&quot;px&quot;,&quot;size&quot;:100,&quot;sizes&quot;:[]},&quot;row_gap_tablet_extra&quot;:{&quot;unit&quot;:&quot;px&quot;,&quot;size&quot;:80,&quot;sizes&quot;:[]},&quot;row_gap_tablet&quot;:{&quot;unit&quot;:&quot;px&quot;,&quot;size&quot;:60,&quot;sizes&quot;:[]},&quot;row_gap_mobile_extra&quot;:{&quot;unit&quot;:&quot;px&quot;,&quot;size&quot;:60,&quot;sizes&quot;:[]},&quot;row_gap_mobile&quot;:{&quot;unit&quot;:&quot;px&quot;,&quot;size&quot;:50,&quot;sizes&quot;:[]},&quot;columns_tablet&quot;:&quot;2&quot;,&quot;columns_mobile&quot;:&quot;1&quot;,&quot;item_gap&quot;:{&quot;unit&quot;:&quot;px&quot;,&quot;size&quot;:&quot;&quot;,&quot;sizes&quot;:[]}}\" data-widget_type=\"jlc_projects.default\">\n\t\t\t\t<div class=\"elementor-widget-container\">\n\t\t\t\t\t\t\t<div class=\"elementor-portfolio elementor-grid elementor-posts-container\" role=\"list\">\n\t\t\t\t<article class=\"elementor-portfolio-item elementor-post elementor-filter-461 post-12838 jlc-projects type-jlc-projects status-publish has-post-thumbnail hentry\" role=\"listitem\">\n\t\t\t<a class=\"elementor-post__thumbnail__link\" href=\"https:\/\/jlc.pt\/en\/projects\/villa-marocco\/\">\n\t\t\t\t<div class=\"elementor-portfolio-item__img elementor-post__thumbnail\">\n\t\t\t<img decoding=\"async\" width=\"2337\" height=\"1667\" src=\"https:\/\/jlc.pt\/wp-content\/uploads\/2026\/01\/JLC_Villa_marroco_project_07-1.webp\" class=\"attachment-full size-full wp-image-12863\" alt=\"\" srcset=\"https:\/\/jlc.pt\/wp-content\/uploads\/2026\/01\/JLC_Villa_marroco_project_07-1.webp 2337w, https:\/\/jlc.pt\/wp-content\/uploads\/2026\/01\/JLC_Villa_marroco_project_07-1-300x214.webp 300w, https:\/\/jlc.pt\/wp-content\/uploads\/2026\/01\/JLC_Villa_marroco_project_07-1-1024x730.webp 1024w, https:\/\/jlc.pt\/wp-content\/uploads\/2026\/01\/JLC_Villa_marroco_project_07-1-768x548.webp 768w, https:\/\/jlc.pt\/wp-content\/uploads\/2026\/01\/JLC_Villa_marroco_project_07-1-1536x1096.webp 1536w, https:\/\/jlc.pt\/wp-content\/uploads\/2026\/01\/JLC_Villa_marroco_project_07-1-2048x1461.webp 2048w, https:\/\/jlc.pt\/wp-content\/uploads\/2026\/01\/JLC_Villa_marroco_project_07-1-850x606.webp 850w, https:\/\/jlc.pt\/wp-content\/uploads\/2026\/01\/JLC_Villa_marroco_project_07-1-500x357.webp 500w\" sizes=\"(max-width: 2337px) 100vw, 2337px\" \/>\t\t<\/div>\n\t\t\t\t<h3 class=\"elementor-portfolio-item__title\">\n\t\tVilla Morocco\t\t<\/h3>\n\t\t\t\t<div class=\"elementor-portfolio-item__tags\">\n\t\t\t\t\t\t<span class=\"elementor-portfolio-item__tags__tag\">Residential<\/span>\t\t<\/div>\n\t\t        <a class=\"elementor-post__read-more\" \n           href=\"https:\/\/jlc.pt\/en\/projects\/villa-marocco\/\" \n           aria-label=\"Read more about Villa Morocco\">\n           <span>View Project<\/span>\n        <\/a>\n        \t\t<\/a>\n\t\t<\/article>\n\t\t\t\t<article class=\"elementor-portfolio-item elementor-post elementor-filter-37 post-2767 jlc-projects type-jlc-projects status-publish has-post-thumbnail hentry\" role=\"listitem\">\n\t\t\t<a class=\"elementor-post__thumbnail__link\" href=\"https:\/\/jlc.pt\/en\/projects\/hotel-g-a-palace\/\">\n\t\t\t\t<div class=\"elementor-portfolio-item__img elementor-post__thumbnail\">\n\t\t\t<img decoding=\"async\" width=\"1300\" height=\"928\" src=\"https:\/\/jlc.pt\/wp-content\/uploads\/2024\/12\/jlc-projeto-hotel-ga-palace-banner.jpg\" class=\"attachment-full size-full wp-image-2766\" alt=\"\" srcset=\"https:\/\/jlc.pt\/wp-content\/uploads\/2024\/12\/jlc-projeto-hotel-ga-palace-banner.jpg 1300w, https:\/\/jlc.pt\/wp-content\/uploads\/2024\/12\/jlc-projeto-hotel-ga-palace-banner-850x607.jpg 850w, https:\/\/jlc.pt\/wp-content\/uploads\/2024\/12\/jlc-projeto-hotel-ga-palace-banner-500x357.jpg 500w, https:\/\/jlc.pt\/wp-content\/uploads\/2024\/12\/jlc-projeto-hotel-ga-palace-banner-300x214.jpg 300w, https:\/\/jlc.pt\/wp-content\/uploads\/2024\/12\/jlc-projeto-hotel-ga-palace-banner-1024x731.jpg 1024w, https:\/\/jlc.pt\/wp-content\/uploads\/2024\/12\/jlc-projeto-hotel-ga-palace-banner-768x548.jpg 768w\" sizes=\"(max-width: 1300px) 100vw, 1300px\" \/>\t\t<\/div>\n\t\t\t\t<h3 class=\"elementor-portfolio-item__title\">\n\t\tG.A Palace Hotel\t\t<\/h3>\n\t\t\t\t<div class=\"elementor-portfolio-item__tags\">\n\t\t\t\t\t\t<span class=\"elementor-portfolio-item__tags__tag\">Hotel<\/span>\t\t<\/div>\n\t\t        <a class=\"elementor-post__read-more\" \n           href=\"https:\/\/jlc.pt\/en\/projects\/hotel-g-a-palace\/\" \n           aria-label=\"Read more about G.A Palace Hotel\">\n           <span>View Project<\/span>\n        <\/a>\n        \t\t<\/a>\n\t\t<\/article>\n\t\t\t\t<article class=\"elementor-portfolio-item elementor-post elementor-filter-37 post-2038 jlc-projects type-jlc-projects status-publish has-post-thumbnail hentry\" role=\"listitem\">\n\t\t\t<a class=\"elementor-post__thumbnail__link\" href=\"https:\/\/jlc.pt\/en\/projects\/hotel-quinta-da-pacheca\/\">\n\t\t\t\t<div class=\"elementor-portfolio-item__img elementor-post__thumbnail\">\n\t\t\t<img decoding=\"async\" width=\"1300\" height=\"928\" src=\"https:\/\/jlc.pt\/wp-content\/uploads\/2024\/11\/jlc-project-hotel-quinta-da-pacheca.jpg\" class=\"attachment-full size-full wp-image-1478\" alt=\"\" srcset=\"https:\/\/jlc.pt\/wp-content\/uploads\/2024\/11\/jlc-project-hotel-quinta-da-pacheca.jpg 1300w, https:\/\/jlc.pt\/wp-content\/uploads\/2024\/11\/jlc-project-hotel-quinta-da-pacheca-850x607.jpg 850w, https:\/\/jlc.pt\/wp-content\/uploads\/2024\/11\/jlc-project-hotel-quinta-da-pacheca-500x357.jpg 500w, https:\/\/jlc.pt\/wp-content\/uploads\/2024\/11\/jlc-project-hotel-quinta-da-pacheca-300x214.jpg 300w, https:\/\/jlc.pt\/wp-content\/uploads\/2024\/11\/jlc-project-hotel-quinta-da-pacheca-1024x731.jpg 1024w, https:\/\/jlc.pt\/wp-content\/uploads\/2024\/11\/jlc-project-hotel-quinta-da-pacheca-768x548.jpg 768w\" sizes=\"(max-width: 1300px) 100vw, 1300px\" \/>\t\t<\/div>\n\t\t\t\t<h3 class=\"elementor-portfolio-item__title\">\n\t\tHotel Quinta da Pacheca\t\t<\/h3>\n\t\t\t\t<div class=\"elementor-portfolio-item__tags\">\n\t\t\t\t\t\t<span class=\"elementor-portfolio-item__tags__tag\">Hotel<\/span>\t\t<\/div>\n\t\t        <a class=\"elementor-post__read-more\" \n           href=\"https:\/\/jlc.pt\/en\/projects\/hotel-quinta-da-pacheca\/\" \n           aria-label=\"Read more about Hotel Quinta da Pacheca\">\n           <span>View Project<\/span>\n        <\/a>\n        \t\t<\/a>\n\t\t<\/article>\n\t\t\t\t<article class=\"elementor-portfolio-item elementor-post elementor-filter-37 post-2037 jlc-projects type-jlc-projects status-publish has-post-thumbnail hentry\" role=\"listitem\">\n\t\t\t<a class=\"elementor-post__thumbnail__link\" href=\"https:\/\/jlc.pt\/en\/projects\/la-vague-hotel\/\">\n\t\t\t\t<div class=\"elementor-portfolio-item__img elementor-post__thumbnail\">\n\t\t\t<img decoding=\"async\" width=\"1300\" height=\"928\" src=\"https:\/\/jlc.pt\/wp-content\/uploads\/2024\/11\/jlc-project-hotel-la-vague.jpg\" class=\"attachment-full size-full wp-image-1479\" alt=\"\" srcset=\"https:\/\/jlc.pt\/wp-content\/uploads\/2024\/11\/jlc-project-hotel-la-vague.jpg 1300w, https:\/\/jlc.pt\/wp-content\/uploads\/2024\/11\/jlc-project-hotel-la-vague-850x607.jpg 850w, https:\/\/jlc.pt\/wp-content\/uploads\/2024\/11\/jlc-project-hotel-la-vague-500x357.jpg 500w, https:\/\/jlc.pt\/wp-content\/uploads\/2024\/11\/jlc-project-hotel-la-vague-300x214.jpg 300w, https:\/\/jlc.pt\/wp-content\/uploads\/2024\/11\/jlc-project-hotel-la-vague-1024x731.jpg 1024w, https:\/\/jlc.pt\/wp-content\/uploads\/2024\/11\/jlc-project-hotel-la-vague-768x548.jpg 768w\" sizes=\"(max-width: 1300px) 100vw, 1300px\" \/>\t\t<\/div>\n\t\t\t\t<h3 class=\"elementor-portfolio-item__title\">\n\t\tLa Vague Hotel\t\t<\/h3>\n\t\t\t\t<div class=\"elementor-portfolio-item__tags\">\n\t\t\t\t\t\t<span class=\"elementor-portfolio-item__tags__tag\">Hotel<\/span>\t\t<\/div>\n\t\t        <a class=\"elementor-post__read-more\" \n           href=\"https:\/\/jlc.pt\/en\/projects\/la-vague-hotel\/\" \n           aria-label=\"Read more about La Vague Hotel\">\n           <span>View Project<\/span>\n        <\/a>\n        \t\t<\/a>\n\t\t<\/article>\n\t\t\t\t<article class=\"elementor-portfolio-item elementor-post elementor-filter-37 post-2036 jlc-projects type-jlc-projects status-publish has-post-thumbnail hentry\" role=\"listitem\">\n\t\t\t<a class=\"elementor-post__thumbnail__link\" href=\"https:\/\/jlc.pt\/en\/projects\/santana-hotel-spa\/\">\n\t\t\t\t<div class=\"elementor-portfolio-item__img elementor-post__thumbnail\">\n\t\t\t<img decoding=\"async\" width=\"1300\" height=\"928\" src=\"https:\/\/jlc.pt\/wp-content\/uploads\/2024\/11\/jlc-project-santana-hotel.jpg\" class=\"attachment-full size-full wp-image-1480\" alt=\"\" srcset=\"https:\/\/jlc.pt\/wp-content\/uploads\/2024\/11\/jlc-project-santana-hotel.jpg 1300w, https:\/\/jlc.pt\/wp-content\/uploads\/2024\/11\/jlc-project-santana-hotel-850x607.jpg 850w, https:\/\/jlc.pt\/wp-content\/uploads\/2024\/11\/jlc-project-santana-hotel-500x357.jpg 500w, https:\/\/jlc.pt\/wp-content\/uploads\/2024\/11\/jlc-project-santana-hotel-300x214.jpg 300w, https:\/\/jlc.pt\/wp-content\/uploads\/2024\/11\/jlc-project-santana-hotel-1024x731.jpg 1024w, https:\/\/jlc.pt\/wp-content\/uploads\/2024\/11\/jlc-project-santana-hotel-768x548.jpg 768w\" sizes=\"(max-width: 1300px) 100vw, 1300px\" \/>\t\t<\/div>\n\t\t\t\t<h3 class=\"elementor-portfolio-item__title\">\n\t\tSantana Hotel &amp; SPA\t\t<\/h3>\n\t\t\t\t<div class=\"elementor-portfolio-item__tags\">\n\t\t\t\t\t\t<span class=\"elementor-portfolio-item__tags__tag\">Hotel<\/span>\t\t<\/div>\n\t\t        <a class=\"elementor-post__read-more\" \n           href=\"https:\/\/jlc.pt\/en\/projects\/santana-hotel-spa\/\" \n           aria-label=\"Read more about Santana Hotel &amp; SPA\">\n           <span>View Project<\/span>\n        <\/a>\n        \t\t<\/a>\n\t\t<\/article>\n\t\t\t\t<article class=\"elementor-portfolio-item elementor-post elementor-filter-36 post-2035 jlc-projects type-jlc-projects status-publish has-post-thumbnail hentry\" role=\"listitem\">\n\t\t\t<a class=\"elementor-post__thumbnail__link\" href=\"https:\/\/jlc.pt\/en\/projects\/viva-maria-restaurant\/\">\n\t\t\t\t<div class=\"elementor-portfolio-item__img elementor-post__thumbnail\">\n\t\t\t<img decoding=\"async\" width=\"1300\" height=\"928\" src=\"https:\/\/jlc.pt\/wp-content\/uploads\/2024\/11\/jlc-project-restaurant-viva-maria.jpg\" class=\"attachment-full size-full wp-image-1481\" alt=\"\" srcset=\"https:\/\/jlc.pt\/wp-content\/uploads\/2024\/11\/jlc-project-restaurant-viva-maria.jpg 1300w, https:\/\/jlc.pt\/wp-content\/uploads\/2024\/11\/jlc-project-restaurant-viva-maria-850x607.jpg 850w, https:\/\/jlc.pt\/wp-content\/uploads\/2024\/11\/jlc-project-restaurant-viva-maria-500x357.jpg 500w, https:\/\/jlc.pt\/wp-content\/uploads\/2024\/11\/jlc-project-restaurant-viva-maria-300x214.jpg 300w, https:\/\/jlc.pt\/wp-content\/uploads\/2024\/11\/jlc-project-restaurant-viva-maria-1024x731.jpg 1024w, https:\/\/jlc.pt\/wp-content\/uploads\/2024\/11\/jlc-project-restaurant-viva-maria-768x548.jpg 768w\" sizes=\"(max-width: 1300px) 100vw, 1300px\" \/>\t\t<\/div>\n\t\t\t\t<h3 class=\"elementor-portfolio-item__title\">\n\t\tViva Maria Restaurant\t\t<\/h3>\n\t\t\t\t<div class=\"elementor-portfolio-item__tags\">\n\t\t\t\t\t\t<span class=\"elementor-portfolio-item__tags__tag\">Restaurant<\/span>\t\t<\/div>\n\t\t        <a class=\"elementor-post__read-more\" \n           href=\"https:\/\/jlc.pt\/en\/projects\/viva-maria-restaurant\/\" \n           aria-label=\"Read more about Viva Maria Restaurant\">\n           <span>View Project<\/span>\n        <\/a>\n        \t\t<\/a>\n\t\t<\/article>\n\t\t\t\t<\/div>\n\t\t<div class=\"elementor-portfolio-load\"><button id=\"load-more\" class=\"elementor-load-more\">read more<\/button><\/div\t\t\t\t<\/div>\n\t\t\t\t<\/div>\n\t\t\t\t\t<\/div>\n\t\t\t\t<\/div>\n\t\t\t\t<\/div>\n\t\t","protected":false},"excerpt":{"rendered":"<p>Projects<\/p>\n","protected":false},"author":1,"featured_media":0,"parent":0,"menu_order":0,"comment_status":"closed","ping_status":"closed","template":"elementor_header_footer","meta":{"footnotes":""},"class_list":["post-1928","page","type-page","status-publish","hentry"],"yoast_head":"<!-- This site is optimized with the Yoast SEO plugin v27.2 - https:\/\/yoast.com\/product\/yoast-seo-wordpress\/ -->\n<title>Projects - JLC<\/title>\n<meta name=\"robots\" content=\"index, follow, max-snippet:-1, max-image-preview:large, max-video-preview:-1\" \/>\n<link rel=\"canonical\" href=\"https:\/\/jlc.pt\/en\/projects\/\" \/>\n<meta property=\"og:locale\" content=\"en_US\" \/>\n<meta property=\"og:type\" content=\"article\" \/>\n<meta property=\"og:title\" content=\"Projects - JLC\" \/>\n<meta property=\"og:description\" content=\"Projects\" \/>\n<meta property=\"og:url\" content=\"https:\/\/jlc.pt\/en\/projects\/\" \/>\n<meta property=\"og:site_name\" content=\"JLC\" \/>\n<meta property=\"article:publisher\" content=\"https:\/\/www.facebook.com\/joseleitedecastro\/\" \/>\n<meta property=\"article:modified_time\" content=\"2025-04-22T15:06:13+00:00\" \/>\n<meta name=\"twitter:card\" content=\"summary_large_image\" \/>\n<meta name=\"twitter:label1\" content=\"Est. reading time\" \/>\n\t<meta name=\"twitter:data1\" content=\"2 minutes\" \/>\n<script type=\"application\/ld+json\" class=\"yoast-schema-graph\">{\"@context\":\"https:\/\/schema.org\",\"@graph\":[{\"@type\":\"WebPage\",\"@id\":\"https:\/\/jlc.pt\/en\/projects\/\",\"url\":\"https:\/\/jlc.pt\/en\/projects\/\",\"name\":\"Projects - JLC\",\"isPartOf\":{\"@id\":\"https:\/\/jlc.pt\/en\/#website\"},\"datePublished\":\"2024-11-29T09:04:15+00:00\",\"dateModified\":\"2025-04-22T15:06:13+00:00\",\"breadcrumb\":{\"@id\":\"https:\/\/jlc.pt\/en\/projects\/#breadcrumb\"},\"inLanguage\":\"en-US\",\"potentialAction\":[{\"@type\":\"ReadAction\",\"target\":[\"https:\/\/jlc.pt\/en\/projects\/\"]}]},{\"@type\":\"BreadcrumbList\",\"@id\":\"https:\/\/jlc.pt\/en\/projects\/#breadcrumb\",\"itemListElement\":[{\"@type\":\"ListItem\",\"position\":1,\"name\":\"In\u00edcio\",\"item\":\"https:\/\/jlc.pt\/en\/\"},{\"@type\":\"ListItem\",\"position\":2,\"name\":\"Projects\"}]},{\"@type\":\"WebSite\",\"@id\":\"https:\/\/jlc.pt\/en\/#website\",\"url\":\"https:\/\/jlc.pt\/en\/\",\"name\":\"JLC\",\"description\":\"Jos\u00e9 Leite de Castro | Concep\u00e7\u00e3o e Produ\u00e7\u00e3o de Mobili\u00e1rio\",\"publisher\":{\"@id\":\"https:\/\/jlc.pt\/en\/#organization\"},\"potentialAction\":[{\"@type\":\"SearchAction\",\"target\":{\"@type\":\"EntryPoint\",\"urlTemplate\":\"https:\/\/jlc.pt\/en\/?s={search_term_string}\"},\"query-input\":{\"@type\":\"PropertyValueSpecification\",\"valueRequired\":true,\"valueName\":\"search_term_string\"}}],\"inLanguage\":\"en-US\"},{\"@type\":\"Organization\",\"@id\":\"https:\/\/jlc.pt\/en\/#organization\",\"name\":\"Jos\u00e9 Leite de Castro\",\"url\":\"https:\/\/jlc.pt\/en\/\",\"logo\":{\"@type\":\"ImageObject\",\"inLanguage\":\"en-US\",\"@id\":\"https:\/\/jlc.pt\/en\/#\/schema\/logo\/image\/\",\"url\":\"https:\/\/jlc.pt\/wp-content\/uploads\/2024\/11\/jlc-logo-g.png\",\"contentUrl\":\"https:\/\/jlc.pt\/wp-content\/uploads\/2024\/11\/jlc-logo-g.png\",\"width\":75,\"height\":64,\"caption\":\"Jos\u00e9 Leite de Castro\"},\"image\":{\"@id\":\"https:\/\/jlc.pt\/en\/#\/schema\/logo\/image\/\"},\"sameAs\":[\"https:\/\/www.facebook.com\/joseleitedecastro\/\",\"https:\/\/www.linkedin.com\/company\/joseleitedecastro\/\",\"https:\/\/www.instagram.com\/joseleitedecastro\/\",\"https:\/\/pt.pinterest.com\/joseleitedecastro\/\"]}]}<\/script>\n<!-- \/ Yoast SEO plugin. -->","yoast_head_json":{"title":"Projects - JLC","robots":{"index":"index","follow":"follow","max-snippet":"max-snippet:-1","max-image-preview":"max-image-preview:large","max-video-preview":"max-video-preview:-1"},"canonical":"https:\/\/jlc.pt\/en\/projects\/","og_locale":"en_US","og_type":"article","og_title":"Projects - JLC","og_description":"Projects","og_url":"https:\/\/jlc.pt\/en\/projects\/","og_site_name":"JLC","article_publisher":"https:\/\/www.facebook.com\/joseleitedecastro\/","article_modified_time":"2025-04-22T15:06:13+00:00","twitter_card":"summary_large_image","twitter_misc":{"Est. reading time":"2 minutes"},"schema":{"@context":"https:\/\/schema.org","@graph":[{"@type":"WebPage","@id":"https:\/\/jlc.pt\/en\/projects\/","url":"https:\/\/jlc.pt\/en\/projects\/","name":"Projects - JLC","isPartOf":{"@id":"https:\/\/jlc.pt\/en\/#website"},"datePublished":"2024-11-29T09:04:15+00:00","dateModified":"2025-04-22T15:06:13+00:00","breadcrumb":{"@id":"https:\/\/jlc.pt\/en\/projects\/#breadcrumb"},"inLanguage":"en-US","potentialAction":[{"@type":"ReadAction","target":["https:\/\/jlc.pt\/en\/projects\/"]}]},{"@type":"BreadcrumbList","@id":"https:\/\/jlc.pt\/en\/projects\/#breadcrumb","itemListElement":[{"@type":"ListItem","position":1,"name":"In\u00edcio","item":"https:\/\/jlc.pt\/en\/"},{"@type":"ListItem","position":2,"name":"Projects"}]},{"@type":"WebSite","@id":"https:\/\/jlc.pt\/en\/#website","url":"https:\/\/jlc.pt\/en\/","name":"JLC","description":"Jos\u00e9 Leite de Castro | Concep\u00e7\u00e3o e Produ\u00e7\u00e3o de Mobili\u00e1rio","publisher":{"@id":"https:\/\/jlc.pt\/en\/#organization"},"potentialAction":[{"@type":"SearchAction","target":{"@type":"EntryPoint","urlTemplate":"https:\/\/jlc.pt\/en\/?s={search_term_string}"},"query-input":{"@type":"PropertyValueSpecification","valueRequired":true,"valueName":"search_term_string"}}],"inLanguage":"en-US"},{"@type":"Organization","@id":"https:\/\/jlc.pt\/en\/#organization","name":"Jos\u00e9 Leite de Castro","url":"https:\/\/jlc.pt\/en\/","logo":{"@type":"ImageObject","inLanguage":"en-US","@id":"https:\/\/jlc.pt\/en\/#\/schema\/logo\/image\/","url":"https:\/\/jlc.pt\/wp-content\/uploads\/2024\/11\/jlc-logo-g.png","contentUrl":"https:\/\/jlc.pt\/wp-content\/uploads\/2024\/11\/jlc-logo-g.png","width":75,"height":64,"caption":"Jos\u00e9 Leite de Castro"},"image":{"@id":"https:\/\/jlc.pt\/en\/#\/schema\/logo\/image\/"},"sameAs":["https:\/\/www.facebook.com\/joseleitedecastro\/","https:\/\/www.linkedin.com\/company\/joseleitedecastro\/","https:\/\/www.instagram.com\/joseleitedecastro\/","https:\/\/pt.pinterest.com\/joseleitedecastro\/"]}]}},"_links":{"self":[{"href":"https:\/\/jlc.pt\/en\/wp-json\/wp\/v2\/pages\/1928","targetHints":{"allow":["GET"]}}],"collection":[{"href":"https:\/\/jlc.pt\/en\/wp-json\/wp\/v2\/pages"}],"about":[{"href":"https:\/\/jlc.pt\/en\/wp-json\/wp\/v2\/types\/page"}],"author":[{"embeddable":true,"href":"https:\/\/jlc.pt\/en\/wp-json\/wp\/v2\/users\/1"}],"replies":[{"embeddable":true,"href":"https:\/\/jlc.pt\/en\/wp-json\/wp\/v2\/comments?post=1928"}],"version-history":[{"count":17,"href":"https:\/\/jlc.pt\/en\/wp-json\/wp\/v2\/pages\/1928\/revisions"}],"predecessor-version":[{"id":7320,"href":"https:\/\/jlc.pt\/en\/wp-json\/wp\/v2\/pages\/1928\/revisions\/7320"}],"wp:attachment":[{"href":"https:\/\/jlc.pt\/en\/wp-json\/wp\/v2\/media?parent=1928"}],"curies":[{"name":"wp","href":"https:\/\/api.w.org\/{rel}","templated":true}]}}