{"id":1935,"date":"2024-12-02T16:29:09","date_gmt":"2024-12-02T15:29:09","guid":{"rendered":"https:\/\/jlc.pt\/flagship-stores\/"},"modified":"2025-05-13T16:54:29","modified_gmt":"2025-05-13T15:54:29","slug":"flagship-stores","status":"publish","type":"page","link":"https:\/\/jlc.pt\/en\/flagship-stores\/","title":{"rendered":"Flagship Stores"},"content":{"rendered":"\t\t<div data-elementor-type=\"wp-page\" data-elementor-id=\"1935\" class=\"elementor elementor-1935 elementor-1345\" data-elementor-post-type=\"page\">\n\t\t\t\t<div class=\"elementor-element elementor-element-197094f e-flex e-con-boxed e-con e-parent\" data-id=\"197094f\" data-element_type=\"container\" data-e-type=\"container\">\n\t\t\t\t\t<div class=\"e-con-inner\">\n\t\t\t\t<div class=\"elementor-element elementor-element-4075ab1 elementor-invisible elementor-widget elementor-widget-heading\" data-id=\"4075ab1\" data-element_type=\"widget\" data-e-type=\"widget\" data-settings=\"{&quot;_animation&quot;:&quot;slideInUp&quot;,&quot;_animation_delay&quot;:200}\" data-widget_type=\"heading.default\">\n\t\t\t\t<div class=\"elementor-widget-container\">\n\t\t\t\t\t<h1 class=\"elementor-heading-title elementor-size-default\">Flagship Stores<\/h1>\t\t\t\t<\/div>\n\t\t\t\t<\/div>\n\t\t\t\t\t<\/div>\n\t\t\t\t<\/div>\n\t\t<div class=\"elementor-element elementor-element-26b30ce e-flex e-con-boxed e-con e-parent\" data-id=\"26b30ce\" data-element_type=\"container\" data-e-type=\"container\">\n\t\t\t\t\t<div class=\"e-con-inner\">\n\t\t<div class=\"elementor-element elementor-element-25ef415 e-con-full e-flex e-con e-child\" data-id=\"25ef415\" data-element_type=\"container\" data-e-type=\"container\">\n\t\t\t\t<div class=\"elementor-element elementor-element-8236600 elementor-invisible elementor-widget elementor-widget-heading\" data-id=\"8236600\" data-element_type=\"widget\" data-e-type=\"widget\" data-settings=\"{&quot;_animation&quot;:&quot;slideInDown&quot;,&quot;_animation_delay&quot;:300}\" data-widget_type=\"heading.default\">\n\t\t\t\t<div class=\"elementor-widget-container\">\n\t\t\t\t\t<h2 class=\"elementor-heading-title elementor-size-default\">Explore our presence across the globe<\/h2>\t\t\t\t<\/div>\n\t\t\t\t<\/div>\n\t\t\t\t<div class=\"elementor-element elementor-element-4c4b698 elementor-widget__width-initial elementor-invisible elementor-widget elementor-widget-text-editor\" data-id=\"4c4b698\" data-element_type=\"widget\" data-e-type=\"widget\" data-settings=\"{&quot;_animation&quot;:&quot;fadeIn&quot;,&quot;_animation_delay&quot;:350}\" data-widget_type=\"text-editor.default\">\n\t\t\t\t<div class=\"elementor-widget-container\">\n\t\t\t\t\t\t\t\t\t<p>JLC collaborates with a curated selection of partners worldwide, bringing our designs to exclusive showrooms and boutiques. These spaces offer a refined selection of our collections, providing an immersive glimpse into the quality, craftsmanship, and design philosophy that define JLC.<\/p>\t\t\t\t\t\t\t\t<\/div>\n\t\t\t\t<\/div>\n\t\t\t\t<\/div>\n\t\t<div class=\"elementor-element elementor-element-de3c04e e-con-full e-flex e-con e-child\" data-id=\"de3c04e\" data-element_type=\"container\" data-e-type=\"container\">\n\t\t\t\t<div class=\"elementor-element elementor-element-9e3192b elementor-invisible elementor-widget elementor-widget-html\" data-id=\"9e3192b\" data-element_type=\"widget\" data-e-type=\"widget\" data-settings=\"{&quot;_animation&quot;:&quot;fadeIn&quot;,&quot;_animation_delay&quot;:300}\" data-widget_type=\"html.default\">\n\t\t\t\t<div class=\"elementor-widget-container\">\n\t\t\t\t\t<style>\n#mapbox { height: 500px;}\n#map { position: absolute; top: 0; bottom: 0; width: 100%; }\n.marker {\n    display: block;\n    border: none;\n    padding: 0;\n    cursor: pointer;\n}\n.mapboxgl-popup {\n    max-width: 400px;\n    font: 12px\/20px \"Manrope\", Sans-serif;\n}\n\n.mapboxgl-popup p{\n    line-height: 1.2em;\n}\n\n.mapboxgl-popup-close-button{\n    padding: 3px 5px 5px;\n    line-height: 12px;\n    background-color: #1B271F;\n    border: none;\n    color: #fff;\n    border-radius: 0px;\n}\n.mapboxgl-popup-close-button:hover,\n.mapboxgl-popup-close-button:focus{\n    padding: 3px 5px 5px;\n    line-height: 12px;\n    background-color: #1B271F;\n    border: none;\n    color: #fff;\n    border-radius: 0px;\n}\n.mapboxgl-ctrl-attrib-button{\n    display: none;\n}\n\n<\/style>\n<div id=\"mapbox\">\n    <div id=\"map\"><\/div>\n<\/div>\n\n<script>\n\tmapboxgl.accessToken = 'pk.eyJ1IjoiZm9jdXNmaXRuZXNzIiwiYSI6ImNsamU1cmRzMjJlZ3UzZXRlNHQ3MDJmbzAifQ.zmqIVnQ5akDHYAtZUuI3Fg';\n    const map = new mapboxgl.Map({\n        container: 'map',\n        \/\/ Choose from Mapbox's core styles, or make your own style with Mapbox Studio\n        style: 'mapbox:\/\/styles\/focusfitness\/cm4bc0y74000b01s8hf26f83w',\n        center: [-8.328314,41.3734816],\n        zoom: 1\n    });\n    \n    const geojson = {\n        'type': 'FeatureCollection',\n        'features': [\n        {\n            'type': 'Feature',\n            'properties': {\n                'description':\n                '<h6 style=\"font-size:15px;margin-bottom:5px;\"><strong>Jos\u00e9 Leite de Castro<\/strong><\/h6><p style=\"margin-bottom: 10px !important;\">Bairro de S\u00e3o Jos\u00e9 154, 4480-748 Vila do Conde<\/p><p style=\"margin-bottom: 10px !important;\">Contacto: <a href=\"tel:+351252640780\">+351 252 640 780<\/a><br><span style=\"font-size:10px;\">(Custo de uma chamada para rede fixa nacional)<\/span><br>Email: <a href=\"mailto:marketing@jlc.pt\">marketing@jlc.pt<\/a><\/p>',\n                'iconSize': [35, 35]\n            },\n            'geometry': {\n                'type': 'Point',\n                'coordinates': [-8.725130814827788, 41.360448941225656]\n            }\n        },\n        {\n            'type': 'Feature',\n            'properties': {\n                'description':\n                '<h6 style=\"font-size:15px;margin-bottom:5px;\"><strong>Showroom Casa da Lapa<\/strong><\/h6><p style=\"margin-bottom: 10px !important;\">R. da Lapa 11-17, 4480-757 Vila do Conde<\/p><p style=\"margin-bottom: 10px !important;\">Contacto: <a href=\"tel:+351252640780\">+351 252 640 780<\/a><br><span style=\"font-size:10px;\">(Custo de uma chamada para rede fixa nacional)<\/span><br>Email: <a href=\"mailto:marketing@jlc.pt\">marketing@jlc.pt<\/a><\/p>',\n                'iconSize': [35, 35]\n            },\n            'geometry': {\n                'type': 'Point',\n                'coordinates': [-8.741661080425903, 41.35760472240291]\n            }\n        },\n        ]\n    };\n\n    \/\/ Add markers to the map.\n    for (const marker of geojson.features) {\n        \/\/ Create a DOM element for each marker.\n        const el = document.createElement('div');\n        const width = marker.properties.iconSize[0];\n        const height = marker.properties.iconSize[1];\n        el.className = 'marker';\n        el.style.backgroundImage = `url(https:\/\/jlc.pt\/wp-content\/uploads\/2024\/12\/logo-jlc-mapa.png)`;\n        el.style.width = `${width}px`;\n        el.style.height = `${height}px`;\n        el.style.backgroundSize = '100%';\n\n        \/\/ Add markers to the map.\n        new mapboxgl.Marker(el)\n        .setLngLat(marker.geometry.coordinates)\n        .setPopup(\n            new mapboxgl.Popup({ offset: 25 }) \/\/ add popups\n                .setHTML(\n                    `${marker.properties.description}`\n                )\n        )\n        .addTo(map);\n    }\n    \n<\/script>\t\t\t\t<\/div>\n\t\t\t\t<\/div>\n\t\t\t\t<\/div>\n\t\t\t\t\t<\/div>\n\t\t\t\t<\/div>\n\t\t<div class=\"elementor-element elementor-element-6476f88 e-flex e-con-boxed e-con e-parent\" data-id=\"6476f88\" data-element_type=\"container\" data-e-type=\"container\">\n\t\t\t\t\t<div class=\"e-con-inner\">\n\t\t<div class=\"elementor-element elementor-element-3327198 e-con-full e-flex e-con e-child\" data-id=\"3327198\" data-element_type=\"container\" data-e-type=\"container\">\n\t\t\t\t<div class=\"elementor-element elementor-element-8b5c622 elementor-invisible elementor-widget elementor-widget-heading\" data-id=\"8b5c622\" data-element_type=\"widget\" data-e-type=\"widget\" data-settings=\"{&quot;_animation&quot;:&quot;slideInDown&quot;,&quot;_animation_delay&quot;:250}\" data-widget_type=\"heading.default\">\n\t\t\t\t<div class=\"elementor-widget-container\">\n\t\t\t\t\t<h3 class=\"elementor-heading-title elementor-size-default\">Interested in Becoming a JLC Partner?<\/h3>\t\t\t\t<\/div>\n\t\t\t\t<\/div>\n\t\t\t\t<div class=\"elementor-element elementor-element-9d282aa elementor-widget__width-initial elementor-invisible elementor-widget elementor-widget-text-editor\" data-id=\"9d282aa\" data-element_type=\"widget\" data-e-type=\"widget\" data-settings=\"{&quot;_animation&quot;:&quot;fadeIn&quot;,&quot;_animation_delay&quot;:300}\" data-widget_type=\"text-editor.default\">\n\t\t\t\t<div class=\"elementor-widget-container\">\n\t\t\t\t\t\t\t\t\tWe are always open to meaningful collaborations with partners who share our commitment to quality, design, and craftsmanship. As a JLC partner, you\u2019ll benefit from:\t\t\t\t\t\t\t\t<\/div>\n\t\t\t\t<\/div>\n\t\t<div class=\"elementor-element elementor-element-c022d84 e-con-full e-flex e-con e-child\" data-id=\"c022d84\" data-element_type=\"container\" data-e-type=\"container\">\n\t\t\t\t<div class=\"elementor-element elementor-element-756255b elementor-invisible elementor-widget elementor-widget-heading\" data-id=\"756255b\" data-element_type=\"widget\" data-e-type=\"widget\" data-settings=\"{&quot;_animation&quot;:&quot;fadeIn&quot;,&quot;_animation_delay&quot;:300}\" data-widget_type=\"heading.default\">\n\t\t\t\t<div class=\"elementor-widget-container\">\n\t\t\t\t\t<h4 class=\"elementor-heading-title elementor-size-default\">Exclusivity<\/h4>\t\t\t\t<\/div>\n\t\t\t\t<\/div>\n\t\t\t\t<div class=\"elementor-element elementor-element-6d1f55c elementor-widget__width-initial elementor-invisible elementor-widget elementor-widget-text-editor\" data-id=\"6d1f55c\" data-element_type=\"widget\" data-e-type=\"widget\" data-settings=\"{&quot;_animation&quot;:&quot;fadeIn&quot;,&quot;_animation_delay&quot;:300}\" data-widget_type=\"text-editor.default\">\n\t\t\t\t<div class=\"elementor-widget-container\">\n\t\t\t\t\t\t\t\t\tBecome the designated seller for your country or key city, representing JLC\u2019s prestigious collections in your region.\t\t\t\t\t\t\t\t<\/div>\n\t\t\t\t<\/div>\n\t\t\t\t<div class=\"elementor-element elementor-element-aae3590 elementor-invisible elementor-widget elementor-widget-heading\" data-id=\"aae3590\" data-element_type=\"widget\" data-e-type=\"widget\" data-settings=\"{&quot;_animation&quot;:&quot;fadeIn&quot;,&quot;_animation_delay&quot;:300}\" data-widget_type=\"heading.default\">\n\t\t\t\t<div class=\"elementor-widget-container\">\n\t\t\t\t\t<h4 class=\"elementor-heading-title elementor-size-default\">Premium Collections<\/h4>\t\t\t\t<\/div>\n\t\t\t\t<\/div>\n\t\t\t\t<div class=\"elementor-element elementor-element-b297074 elementor-widget__width-initial elementor-invisible elementor-widget elementor-widget-text-editor\" data-id=\"b297074\" data-element_type=\"widget\" data-e-type=\"widget\" data-settings=\"{&quot;_animation&quot;:&quot;fadeIn&quot;,&quot;_animation_delay&quot;:300}\" data-widget_type=\"text-editor.default\">\n\t\t\t\t<div class=\"elementor-widget-container\">\n\t\t\t\t\t\t\t\t\tAccess to our exclusive range of high-quality, bespoke furniture, lighting, and accessories.\t\t\t\t\t\t\t\t<\/div>\n\t\t\t\t<\/div>\n\t\t\t\t<div class=\"elementor-element elementor-element-a94335d elementor-invisible elementor-widget elementor-widget-heading\" data-id=\"a94335d\" data-element_type=\"widget\" data-e-type=\"widget\" data-settings=\"{&quot;_animation&quot;:&quot;fadeIn&quot;,&quot;_animation_delay&quot;:300}\" data-widget_type=\"heading.default\">\n\t\t\t\t<div class=\"elementor-widget-container\">\n\t\t\t\t\t<h4 class=\"elementor-heading-title elementor-size-default\">Ongoing Support<\/h4>\t\t\t\t<\/div>\n\t\t\t\t<\/div>\n\t\t\t\t<div class=\"elementor-element elementor-element-699284b elementor-widget__width-initial elementor-invisible elementor-widget elementor-widget-text-editor\" data-id=\"699284b\" data-element_type=\"widget\" data-e-type=\"widget\" data-settings=\"{&quot;_animation&quot;:&quot;fadeIn&quot;,&quot;_animation_delay&quot;:300}\" data-widget_type=\"text-editor.default\">\n\t\t\t\t<div class=\"elementor-widget-container\">\n\t\t\t\t\t\t\t\t\tComprehensive training, marketing assistance, and dedicated support to ensure a successful partnership.\t\t\t\t\t\t\t\t<\/div>\n\t\t\t\t<\/div>\n\t\t\t\t<\/div>\n\t\t\t\t<div class=\"elementor-element elementor-element-c289c48 elementor-widget__width-initial elementor-invisible elementor-widget elementor-widget-text-editor\" data-id=\"c289c48\" data-element_type=\"widget\" data-e-type=\"widget\" data-settings=\"{&quot;_animation&quot;:&quot;fadeIn&quot;,&quot;_animation_delay&quot;:300}\" data-widget_type=\"text-editor.default\">\n\t\t\t\t<div class=\"elementor-widget-container\">\n\t\t\t\t\t\t\t\t\t<p>If you\u2019re interested in joining our global network and showcasing JLC\u2019s timeless designs, we would love to explore the possibilities with you.<\/p>\t\t\t\t\t\t\t\t<\/div>\n\t\t\t\t<\/div>\n\t\t\t\t<div class=\"elementor-element elementor-element-cfdefd4 elementor-align-center jlc-animated-btn elementor-invisible elementor-widget elementor-widget-button\" data-id=\"cfdefd4\" data-element_type=\"widget\" data-e-type=\"widget\" data-settings=\"{&quot;_animation&quot;:&quot;fadeIn&quot;,&quot;_animation_delay&quot;:300}\" data-widget_type=\"button.default\">\n\t\t\t\t<div class=\"elementor-widget-container\">\n\t\t\t\t\t\t\t\t\t<div class=\"elementor-button-wrapper\">\n\t\t\t\t\t<a class=\"elementor-button elementor-button-link elementor-size-sm\" href=\"https:\/\/jlc.pt\/en\/contact-us\/\">\n\t\t\t\t\t\t<span class=\"elementor-button-content-wrapper\">\n\t\t\t\t\t\t\t\t\t<span class=\"elementor-button-text\">Start a Partnership<\/span>\n\t\t\t\t\t<\/span>\n\t\t\t\t\t<\/a>\n\t\t\t\t<\/div>\n\t\t\t\t\t\t\t\t<\/div>\n\t\t\t\t<\/div>\n\t\t\t\t<\/div>\n\t\t<div class=\"elementor-element elementor-element-6220329 e-con-full e-flex elementor-invisible e-con e-child\" data-id=\"6220329\" data-element_type=\"container\" data-e-type=\"container\" data-settings=\"{&quot;animation&quot;:&quot;fadeIn&quot;,&quot;animation_delay&quot;:300}\">\n\t\t\t\t<div class=\"elementor-element elementor-element-064dcb9 elementor-widget elementor-widget-image\" data-id=\"064dcb9\" data-element_type=\"widget\" data-e-type=\"widget\" data-widget_type=\"image.default\">\n\t\t\t\t<div class=\"elementor-widget-container\">\n\t\t\t\t\t\t\t\t\t\t\t\t\t\t\t<img decoding=\"async\" width=\"2013\" height=\"2560\" src=\"https:\/\/jlc.pt\/wp-content\/uploads\/2025\/02\/JLC_FlagshipStores-scaled.webp\" class=\"attachment-full size-full wp-image-5879\" alt=\"\" srcset=\"https:\/\/jlc.pt\/wp-content\/uploads\/2025\/02\/JLC_FlagshipStores-scaled.webp 2013w, https:\/\/jlc.pt\/wp-content\/uploads\/2025\/02\/JLC_FlagshipStores-236x300.webp 236w, https:\/\/jlc.pt\/wp-content\/uploads\/2025\/02\/JLC_FlagshipStores-805x1024.webp 805w, https:\/\/jlc.pt\/wp-content\/uploads\/2025\/02\/JLC_FlagshipStores-768x977.webp 768w, https:\/\/jlc.pt\/wp-content\/uploads\/2025\/02\/JLC_FlagshipStores-1208x1536.webp 1208w, https:\/\/jlc.pt\/wp-content\/uploads\/2025\/02\/JLC_FlagshipStores-1611x2048.webp 1611w, https:\/\/jlc.pt\/wp-content\/uploads\/2025\/02\/JLC_FlagshipStores-850x1081.webp 850w, https:\/\/jlc.pt\/wp-content\/uploads\/2025\/02\/JLC_FlagshipStores-500x636.webp 500w\" sizes=\"(max-width: 2013px) 100vw, 2013px\" \/>\t\t\t\t\t\t\t\t\t\t\t\t\t\t\t<\/div>\n\t\t\t\t<\/div>\n\t\t\t\t<\/div>\n\t\t\t\t\t<\/div>\n\t\t\t\t<\/div>\n\t\t\t\t<\/div>\n\t\t","protected":false},"excerpt":{"rendered":"<p>Explore our presence across the globe JLC collaborates with a curated selection of partners worldwide, bringing our designs to exclusive showrooms and boutiques. These spaces offer a refined selection of our collections, providing an immersive glimpse into the quality, craftsmanship, and design philosophy that define JLC. Interested in Becoming a JLC Partner? We are always [&hellip;]<\/p>\n","protected":false},"author":1,"featured_media":0,"parent":0,"menu_order":0,"comment_status":"closed","ping_status":"closed","template":"elementor_header_footer","meta":{"footnotes":""},"class_list":["post-1935","page","type-page","status-publish","hentry"],"yoast_head":"<!-- This site is optimized with the Yoast SEO plugin v27.2 - https:\/\/yoast.com\/product\/yoast-seo-wordpress\/ -->\n<title>JLC Flagship Stores - Explore our global locations<\/title>\n<meta name=\"description\" content=\"Discover JLC flagship stores worldwide. Visit our locations across Europe, Asia, Africa, and America to experience bespoke furniture design.\" \/>\n<meta name=\"robots\" content=\"index, follow, max-snippet:-1, max-image-preview:large, max-video-preview:-1\" \/>\n<link rel=\"canonical\" href=\"https:\/\/jlc.pt\/en\/flagship-stores\/\" \/>\n<meta property=\"og:locale\" content=\"en_US\" \/>\n<meta property=\"og:type\" content=\"article\" \/>\n<meta property=\"og:title\" content=\"JLC Flagship Stores - Explore our global locations\" \/>\n<meta property=\"og:description\" content=\"Discover JLC flagship stores worldwide. Visit our locations across Europe, Asia, Africa, and America to experience bespoke furniture design.\" \/>\n<meta property=\"og:url\" content=\"https:\/\/jlc.pt\/en\/flagship-stores\/\" \/>\n<meta property=\"og:site_name\" content=\"JLC\" \/>\n<meta property=\"article:publisher\" content=\"https:\/\/www.facebook.com\/joseleitedecastro\/\" \/>\n<meta property=\"article:modified_time\" content=\"2025-05-13T15:54:29+00:00\" \/>\n<meta property=\"og:image\" content=\"https:\/\/jlc.pt\/wp-content\/uploads\/2025\/02\/JLC_FlagshipStores-scaled.webp\" \/>\n\t<meta property=\"og:image:width\" content=\"2013\" \/>\n\t<meta property=\"og:image:height\" content=\"2560\" \/>\n\t<meta property=\"og:image:type\" content=\"image\/webp\" \/>\n<meta name=\"twitter:card\" content=\"summary_large_image\" \/>\n<meta name=\"twitter:label1\" content=\"Est. reading time\" \/>\n\t<meta name=\"twitter:data1\" content=\"1 minute\" \/>\n<script type=\"application\/ld+json\" class=\"yoast-schema-graph\">{\"@context\":\"https:\/\/schema.org\",\"@graph\":[{\"@type\":\"WebPage\",\"@id\":\"https:\/\/jlc.pt\/en\/flagship-stores\/\",\"url\":\"https:\/\/jlc.pt\/en\/flagship-stores\/\",\"name\":\"JLC Flagship Stores - Explore our global locations\",\"isPartOf\":{\"@id\":\"https:\/\/jlc.pt\/en\/#website\"},\"primaryImageOfPage\":{\"@id\":\"https:\/\/jlc.pt\/en\/flagship-stores\/#primaryimage\"},\"image\":{\"@id\":\"https:\/\/jlc.pt\/en\/flagship-stores\/#primaryimage\"},\"thumbnailUrl\":\"https:\/\/jlc.pt\/wp-content\/uploads\/2025\/02\/JLC_FlagshipStores-scaled.webp\",\"datePublished\":\"2024-12-02T15:29:09+00:00\",\"dateModified\":\"2025-05-13T15:54:29+00:00\",\"description\":\"Discover JLC flagship stores worldwide. Visit our locations across Europe, Asia, Africa, and America to experience bespoke furniture design.\",\"breadcrumb\":{\"@id\":\"https:\/\/jlc.pt\/en\/flagship-stores\/#breadcrumb\"},\"inLanguage\":\"en-US\",\"potentialAction\":[{\"@type\":\"ReadAction\",\"target\":[\"https:\/\/jlc.pt\/en\/flagship-stores\/\"]}]},{\"@type\":\"ImageObject\",\"inLanguage\":\"en-US\",\"@id\":\"https:\/\/jlc.pt\/en\/flagship-stores\/#primaryimage\",\"url\":\"https:\/\/jlc.pt\/wp-content\/uploads\/2025\/02\/JLC_FlagshipStores-scaled.webp\",\"contentUrl\":\"https:\/\/jlc.pt\/wp-content\/uploads\/2025\/02\/JLC_FlagshipStores-scaled.webp\"},{\"@type\":\"BreadcrumbList\",\"@id\":\"https:\/\/jlc.pt\/en\/flagship-stores\/#breadcrumb\",\"itemListElement\":[{\"@type\":\"ListItem\",\"position\":1,\"name\":\"In\u00edcio\",\"item\":\"https:\/\/jlc.pt\/en\/\"},{\"@type\":\"ListItem\",\"position\":2,\"name\":\"Flagship Stores\"}]},{\"@type\":\"WebSite\",\"@id\":\"https:\/\/jlc.pt\/en\/#website\",\"url\":\"https:\/\/jlc.pt\/en\/\",\"name\":\"JLC\",\"description\":\"Jos\u00e9 Leite de Castro | Concep\u00e7\u00e3o e Produ\u00e7\u00e3o de Mobili\u00e1rio\",\"publisher\":{\"@id\":\"https:\/\/jlc.pt\/en\/#organization\"},\"potentialAction\":[{\"@type\":\"SearchAction\",\"target\":{\"@type\":\"EntryPoint\",\"urlTemplate\":\"https:\/\/jlc.pt\/en\/?s={search_term_string}\"},\"query-input\":{\"@type\":\"PropertyValueSpecification\",\"valueRequired\":true,\"valueName\":\"search_term_string\"}}],\"inLanguage\":\"en-US\"},{\"@type\":\"Organization\",\"@id\":\"https:\/\/jlc.pt\/en\/#organization\",\"name\":\"Jos\u00e9 Leite de Castro\",\"url\":\"https:\/\/jlc.pt\/en\/\",\"logo\":{\"@type\":\"ImageObject\",\"inLanguage\":\"en-US\",\"@id\":\"https:\/\/jlc.pt\/en\/#\/schema\/logo\/image\/\",\"url\":\"https:\/\/jlc.pt\/wp-content\/uploads\/2024\/11\/jlc-logo-g.png\",\"contentUrl\":\"https:\/\/jlc.pt\/wp-content\/uploads\/2024\/11\/jlc-logo-g.png\",\"width\":75,\"height\":64,\"caption\":\"Jos\u00e9 Leite de Castro\"},\"image\":{\"@id\":\"https:\/\/jlc.pt\/en\/#\/schema\/logo\/image\/\"},\"sameAs\":[\"https:\/\/www.facebook.com\/joseleitedecastro\/\",\"https:\/\/www.linkedin.com\/company\/joseleitedecastro\/\",\"https:\/\/www.instagram.com\/joseleitedecastro\/\",\"https:\/\/pt.pinterest.com\/joseleitedecastro\/\"]}]}<\/script>\n<!-- \/ Yoast SEO plugin. -->","yoast_head_json":{"title":"JLC Flagship Stores - Explore our global locations","description":"Discover JLC flagship stores worldwide. Visit our locations across Europe, Asia, Africa, and America to experience bespoke furniture design.","robots":{"index":"index","follow":"follow","max-snippet":"max-snippet:-1","max-image-preview":"max-image-preview:large","max-video-preview":"max-video-preview:-1"},"canonical":"https:\/\/jlc.pt\/en\/flagship-stores\/","og_locale":"en_US","og_type":"article","og_title":"JLC Flagship Stores - Explore our global locations","og_description":"Discover JLC flagship stores worldwide. Visit our locations across Europe, Asia, Africa, and America to experience bespoke furniture design.","og_url":"https:\/\/jlc.pt\/en\/flagship-stores\/","og_site_name":"JLC","article_publisher":"https:\/\/www.facebook.com\/joseleitedecastro\/","article_modified_time":"2025-05-13T15:54:29+00:00","og_image":[{"width":2013,"height":2560,"url":"https:\/\/jlc.pt\/wp-content\/uploads\/2025\/02\/JLC_FlagshipStores-scaled.webp","type":"image\/webp"}],"twitter_card":"summary_large_image","twitter_misc":{"Est. reading time":"1 minute"},"schema":{"@context":"https:\/\/schema.org","@graph":[{"@type":"WebPage","@id":"https:\/\/jlc.pt\/en\/flagship-stores\/","url":"https:\/\/jlc.pt\/en\/flagship-stores\/","name":"JLC Flagship Stores - Explore our global locations","isPartOf":{"@id":"https:\/\/jlc.pt\/en\/#website"},"primaryImageOfPage":{"@id":"https:\/\/jlc.pt\/en\/flagship-stores\/#primaryimage"},"image":{"@id":"https:\/\/jlc.pt\/en\/flagship-stores\/#primaryimage"},"thumbnailUrl":"https:\/\/jlc.pt\/wp-content\/uploads\/2025\/02\/JLC_FlagshipStores-scaled.webp","datePublished":"2024-12-02T15:29:09+00:00","dateModified":"2025-05-13T15:54:29+00:00","description":"Discover JLC flagship stores worldwide. Visit our locations across Europe, Asia, Africa, and America to experience bespoke furniture design.","breadcrumb":{"@id":"https:\/\/jlc.pt\/en\/flagship-stores\/#breadcrumb"},"inLanguage":"en-US","potentialAction":[{"@type":"ReadAction","target":["https:\/\/jlc.pt\/en\/flagship-stores\/"]}]},{"@type":"ImageObject","inLanguage":"en-US","@id":"https:\/\/jlc.pt\/en\/flagship-stores\/#primaryimage","url":"https:\/\/jlc.pt\/wp-content\/uploads\/2025\/02\/JLC_FlagshipStores-scaled.webp","contentUrl":"https:\/\/jlc.pt\/wp-content\/uploads\/2025\/02\/JLC_FlagshipStores-scaled.webp"},{"@type":"BreadcrumbList","@id":"https:\/\/jlc.pt\/en\/flagship-stores\/#breadcrumb","itemListElement":[{"@type":"ListItem","position":1,"name":"In\u00edcio","item":"https:\/\/jlc.pt\/en\/"},{"@type":"ListItem","position":2,"name":"Flagship Stores"}]},{"@type":"WebSite","@id":"https:\/\/jlc.pt\/en\/#website","url":"https:\/\/jlc.pt\/en\/","name":"JLC","description":"Jos\u00e9 Leite de Castro | Concep\u00e7\u00e3o e Produ\u00e7\u00e3o de Mobili\u00e1rio","publisher":{"@id":"https:\/\/jlc.pt\/en\/#organization"},"potentialAction":[{"@type":"SearchAction","target":{"@type":"EntryPoint","urlTemplate":"https:\/\/jlc.pt\/en\/?s={search_term_string}"},"query-input":{"@type":"PropertyValueSpecification","valueRequired":true,"valueName":"search_term_string"}}],"inLanguage":"en-US"},{"@type":"Organization","@id":"https:\/\/jlc.pt\/en\/#organization","name":"Jos\u00e9 Leite de Castro","url":"https:\/\/jlc.pt\/en\/","logo":{"@type":"ImageObject","inLanguage":"en-US","@id":"https:\/\/jlc.pt\/en\/#\/schema\/logo\/image\/","url":"https:\/\/jlc.pt\/wp-content\/uploads\/2024\/11\/jlc-logo-g.png","contentUrl":"https:\/\/jlc.pt\/wp-content\/uploads\/2024\/11\/jlc-logo-g.png","width":75,"height":64,"caption":"Jos\u00e9 Leite de Castro"},"image":{"@id":"https:\/\/jlc.pt\/en\/#\/schema\/logo\/image\/"},"sameAs":["https:\/\/www.facebook.com\/joseleitedecastro\/","https:\/\/www.linkedin.com\/company\/joseleitedecastro\/","https:\/\/www.instagram.com\/joseleitedecastro\/","https:\/\/pt.pinterest.com\/joseleitedecastro\/"]}]}},"_links":{"self":[{"href":"https:\/\/jlc.pt\/en\/wp-json\/wp\/v2\/pages\/1935","targetHints":{"allow":["GET"]}}],"collection":[{"href":"https:\/\/jlc.pt\/en\/wp-json\/wp\/v2\/pages"}],"about":[{"href":"https:\/\/jlc.pt\/en\/wp-json\/wp\/v2\/types\/page"}],"author":[{"embeddable":true,"href":"https:\/\/jlc.pt\/en\/wp-json\/wp\/v2\/users\/1"}],"replies":[{"embeddable":true,"href":"https:\/\/jlc.pt\/en\/wp-json\/wp\/v2\/comments?post=1935"}],"version-history":[{"count":16,"href":"https:\/\/jlc.pt\/en\/wp-json\/wp\/v2\/pages\/1935\/revisions"}],"predecessor-version":[{"id":7467,"href":"https:\/\/jlc.pt\/en\/wp-json\/wp\/v2\/pages\/1935\/revisions\/7467"}],"wp:attachment":[{"href":"https:\/\/jlc.pt\/en\/wp-json\/wp\/v2\/media?parent=1935"}],"curies":[{"name":"wp","href":"https:\/\/api.w.org\/{rel}","templated":true}]}}