{"id":4544,"date":"2025-01-08T19:16:45","date_gmt":"2025-01-08T19:16:45","guid":{"rendered":"https:\/\/jlc.pt\/produto\/cabinet-erik\/"},"modified":"2025-05-14T17:57:52","modified_gmt":"2025-05-14T16:57:52","slug":"cabinet-erik","status":"publish","type":"product","link":"https:\/\/jlc.pt\/en\/product\/cabinet-erik\/","title":{"rendered":"Cabinet ERIK"},"content":{"rendered":"","protected":false},"excerpt":{"rendered":"<p>A two door cabinet that showcases seamless fusion of materials and textures. The warm, natural tones of the oak wood structure beautifully complement the organic, white plastered doors. Intricate vertical convex details on the doors harmonize with the overall composition, creating a captivating piece for your space.<\/p>\n","protected":false},"featured_media":2977,"template":"","meta":[],"product_brand":[],"product_cat":[88,90],"product_tag":[],"class_list":{"0":"post-4544","1":"product","2":"type-product","3":"status-publish","4":"has-post-thumbnail","6":"product_cat-furniture","7":"product_cat-cabinets","8":"pa_material-wood","9":"pa_material-plaster-en","10":"product_materials-oak-with-cerused-finish-p-807","11":"product_materials-plaster-finish-p-833","13":"first","14":"instock","15":"shipping-taxable","16":"product-type-simple"},"yoast_head":"<!-- This site is optimized with the Yoast SEO plugin v27.2 - https:\/\/yoast.com\/product\/yoast-seo-wordpress\/ -->\n<title>Cabinet ERIK - JLC<\/title>\n<meta name=\"robots\" content=\"index, follow, max-snippet:-1, max-image-preview:large, max-video-preview:-1\" \/>\n<link rel=\"canonical\" href=\"https:\/\/jlc.pt\/en\/product\/cabinet-erik\/\" \/>\n<meta property=\"og:locale\" content=\"en_US\" \/>\n<meta property=\"og:type\" content=\"article\" \/>\n<meta property=\"og:title\" content=\"Cabinet ERIK - JLC\" \/>\n<meta property=\"og:description\" content=\"A two door cabinet that showcases seamless fusion of materials and textures. The warm, natural tones of the oak wood structure beautifully complement the organic, white plastered doors. Intricate vertical convex details on the doors harmonize with the overall composition, creating a captivating piece for your space.\" \/>\n<meta property=\"og:url\" content=\"https:\/\/jlc.pt\/en\/product\/cabinet-erik\/\" \/>\n<meta property=\"og:site_name\" content=\"JLC\" \/>\n<meta property=\"article:publisher\" content=\"https:\/\/www.facebook.com\/joseleitedecastro\/\" \/>\n<meta property=\"article:modified_time\" content=\"2025-05-14T16:57:52+00:00\" \/>\n<meta property=\"og:image\" content=\"https:\/\/jlc.pt\/wp-content\/uploads\/2025\/01\/jlc-cabinet-erik-10407062.webp\" \/>\n\t<meta property=\"og:image:width\" content=\"2300\" \/>\n\t<meta property=\"og:image:height\" content=\"1725\" \/>\n\t<meta property=\"og:image:type\" content=\"image\/webp\" \/>\n<meta name=\"twitter:card\" content=\"summary_large_image\" \/>\n<script type=\"application\/ld+json\" class=\"yoast-schema-graph\">{\"@context\":\"https:\/\/schema.org\",\"@graph\":[{\"@type\":\"WebPage\",\"@id\":\"https:\/\/jlc.pt\/en\/product\/cabinet-erik\/\",\"url\":\"https:\/\/jlc.pt\/en\/product\/cabinet-erik\/\",\"name\":\"Cabinet ERIK - JLC\",\"isPartOf\":{\"@id\":\"https:\/\/jlc.pt\/en\/#website\"},\"primaryImageOfPage\":{\"@id\":\"https:\/\/jlc.pt\/en\/product\/cabinet-erik\/#primaryimage\"},\"image\":{\"@id\":\"https:\/\/jlc.pt\/en\/product\/cabinet-erik\/#primaryimage\"},\"thumbnailUrl\":\"https:\/\/jlc.pt\/wp-content\/uploads\/2024\/12\/jlc-armario-erik-10407062.webp\",\"datePublished\":\"2025-01-08T19:16:45+00:00\",\"dateModified\":\"2025-05-14T16:57:52+00:00\",\"breadcrumb\":{\"@id\":\"https:\/\/jlc.pt\/en\/product\/cabinet-erik\/#breadcrumb\"},\"inLanguage\":\"en-US\",\"potentialAction\":[{\"@type\":\"ReadAction\",\"target\":[\"https:\/\/jlc.pt\/en\/product\/cabinet-erik\/\"]}]},{\"@type\":\"ImageObject\",\"inLanguage\":\"en-US\",\"@id\":\"https:\/\/jlc.pt\/en\/product\/cabinet-erik\/#primaryimage\",\"url\":\"https:\/\/jlc.pt\/wp-content\/uploads\/2024\/12\/jlc-armario-erik-10407062.webp\",\"contentUrl\":\"https:\/\/jlc.pt\/wp-content\/uploads\/2024\/12\/jlc-armario-erik-10407062.webp\",\"width\":2300,\"height\":1725},{\"@type\":\"BreadcrumbList\",\"@id\":\"https:\/\/jlc.pt\/en\/product\/cabinet-erik\/#breadcrumb\",\"itemListElement\":[{\"@type\":\"ListItem\",\"position\":1,\"name\":\"In\u00edcio\",\"item\":\"https:\/\/jlc.pt\/en\/\"},{\"@type\":\"ListItem\",\"position\":2,\"name\":\"Products\",\"item\":\"https:\/\/jlc.pt\/en\/shop\/\"},{\"@type\":\"ListItem\",\"position\":3,\"name\":\"Cabinet ERIK\"}]},{\"@type\":\"WebSite\",\"@id\":\"https:\/\/jlc.pt\/en\/#website\",\"url\":\"https:\/\/jlc.pt\/en\/\",\"name\":\"JLC\",\"description\":\"Jos\u00e9 Leite de Castro | Concep\u00e7\u00e3o e Produ\u00e7\u00e3o de Mobili\u00e1rio\",\"publisher\":{\"@id\":\"https:\/\/jlc.pt\/en\/#organization\"},\"potentialAction\":[{\"@type\":\"SearchAction\",\"target\":{\"@type\":\"EntryPoint\",\"urlTemplate\":\"https:\/\/jlc.pt\/en\/?s={search_term_string}\"},\"query-input\":{\"@type\":\"PropertyValueSpecification\",\"valueRequired\":true,\"valueName\":\"search_term_string\"}}],\"inLanguage\":\"en-US\"},{\"@type\":\"Organization\",\"@id\":\"https:\/\/jlc.pt\/en\/#organization\",\"name\":\"Jos\u00e9 Leite de Castro\",\"url\":\"https:\/\/jlc.pt\/en\/\",\"logo\":{\"@type\":\"ImageObject\",\"inLanguage\":\"en-US\",\"@id\":\"https:\/\/jlc.pt\/en\/#\/schema\/logo\/image\/\",\"url\":\"https:\/\/jlc.pt\/wp-content\/uploads\/2024\/11\/jlc-logo-g.png\",\"contentUrl\":\"https:\/\/jlc.pt\/wp-content\/uploads\/2024\/11\/jlc-logo-g.png\",\"width\":75,\"height\":64,\"caption\":\"Jos\u00e9 Leite de Castro\"},\"image\":{\"@id\":\"https:\/\/jlc.pt\/en\/#\/schema\/logo\/image\/\"},\"sameAs\":[\"https:\/\/www.facebook.com\/joseleitedecastro\/\",\"https:\/\/www.linkedin.com\/company\/joseleitedecastro\/\",\"https:\/\/www.instagram.com\/joseleitedecastro\/\",\"https:\/\/pt.pinterest.com\/joseleitedecastro\/\"]}]}<\/script>\n<!-- \/ Yoast SEO plugin. -->","yoast_head_json":{"title":"Cabinet ERIK - JLC","robots":{"index":"index","follow":"follow","max-snippet":"max-snippet:-1","max-image-preview":"max-image-preview:large","max-video-preview":"max-video-preview:-1"},"canonical":"https:\/\/jlc.pt\/en\/product\/cabinet-erik\/","og_locale":"en_US","og_type":"article","og_title":"Cabinet ERIK - JLC","og_description":"A two door cabinet that showcases seamless fusion of materials and textures. The warm, natural tones of the oak wood structure beautifully complement the organic, white plastered doors. Intricate vertical convex details on the doors harmonize with the overall composition, creating a captivating piece for your space.","og_url":"https:\/\/jlc.pt\/en\/product\/cabinet-erik\/","og_site_name":"JLC","article_publisher":"https:\/\/www.facebook.com\/joseleitedecastro\/","article_modified_time":"2025-05-14T16:57:52+00:00","og_image":[{"width":2300,"height":1725,"url":"https:\/\/jlc.pt\/wp-content\/uploads\/2025\/01\/jlc-cabinet-erik-10407062.webp","type":"image\/webp"}],"twitter_card":"summary_large_image","schema":{"@context":"https:\/\/schema.org","@graph":[{"@type":"WebPage","@id":"https:\/\/jlc.pt\/en\/product\/cabinet-erik\/","url":"https:\/\/jlc.pt\/en\/product\/cabinet-erik\/","name":"Cabinet ERIK - JLC","isPartOf":{"@id":"https:\/\/jlc.pt\/en\/#website"},"primaryImageOfPage":{"@id":"https:\/\/jlc.pt\/en\/product\/cabinet-erik\/#primaryimage"},"image":{"@id":"https:\/\/jlc.pt\/en\/product\/cabinet-erik\/#primaryimage"},"thumbnailUrl":"https:\/\/jlc.pt\/wp-content\/uploads\/2024\/12\/jlc-armario-erik-10407062.webp","datePublished":"2025-01-08T19:16:45+00:00","dateModified":"2025-05-14T16:57:52+00:00","breadcrumb":{"@id":"https:\/\/jlc.pt\/en\/product\/cabinet-erik\/#breadcrumb"},"inLanguage":"en-US","potentialAction":[{"@type":"ReadAction","target":["https:\/\/jlc.pt\/en\/product\/cabinet-erik\/"]}]},{"@type":"ImageObject","inLanguage":"en-US","@id":"https:\/\/jlc.pt\/en\/product\/cabinet-erik\/#primaryimage","url":"https:\/\/jlc.pt\/wp-content\/uploads\/2024\/12\/jlc-armario-erik-10407062.webp","contentUrl":"https:\/\/jlc.pt\/wp-content\/uploads\/2024\/12\/jlc-armario-erik-10407062.webp","width":2300,"height":1725},{"@type":"BreadcrumbList","@id":"https:\/\/jlc.pt\/en\/product\/cabinet-erik\/#breadcrumb","itemListElement":[{"@type":"ListItem","position":1,"name":"In\u00edcio","item":"https:\/\/jlc.pt\/en\/"},{"@type":"ListItem","position":2,"name":"Products","item":"https:\/\/jlc.pt\/en\/shop\/"},{"@type":"ListItem","position":3,"name":"Cabinet ERIK"}]},{"@type":"WebSite","@id":"https:\/\/jlc.pt\/en\/#website","url":"https:\/\/jlc.pt\/en\/","name":"JLC","description":"Jos\u00e9 Leite de Castro | Concep\u00e7\u00e3o e Produ\u00e7\u00e3o de Mobili\u00e1rio","publisher":{"@id":"https:\/\/jlc.pt\/en\/#organization"},"potentialAction":[{"@type":"SearchAction","target":{"@type":"EntryPoint","urlTemplate":"https:\/\/jlc.pt\/en\/?s={search_term_string}"},"query-input":{"@type":"PropertyValueSpecification","valueRequired":true,"valueName":"search_term_string"}}],"inLanguage":"en-US"},{"@type":"Organization","@id":"https:\/\/jlc.pt\/en\/#organization","name":"Jos\u00e9 Leite de Castro","url":"https:\/\/jlc.pt\/en\/","logo":{"@type":"ImageObject","inLanguage":"en-US","@id":"https:\/\/jlc.pt\/en\/#\/schema\/logo\/image\/","url":"https:\/\/jlc.pt\/wp-content\/uploads\/2024\/11\/jlc-logo-g.png","contentUrl":"https:\/\/jlc.pt\/wp-content\/uploads\/2024\/11\/jlc-logo-g.png","width":75,"height":64,"caption":"Jos\u00e9 Leite de Castro"},"image":{"@id":"https:\/\/jlc.pt\/en\/#\/schema\/logo\/image\/"},"sameAs":["https:\/\/www.facebook.com\/joseleitedecastro\/","https:\/\/www.linkedin.com\/company\/joseleitedecastro\/","https:\/\/www.instagram.com\/joseleitedecastro\/","https:\/\/pt.pinterest.com\/joseleitedecastro\/"]}]}},"_links":{"self":[{"href":"https:\/\/jlc.pt\/en\/wp-json\/wp\/v2\/product\/4544","targetHints":{"allow":["GET"]}}],"collection":[{"href":"https:\/\/jlc.pt\/en\/wp-json\/wp\/v2\/product"}],"about":[{"href":"https:\/\/jlc.pt\/en\/wp-json\/wp\/v2\/types\/product"}],"wp:featuredmedia":[{"embeddable":true,"href":"https:\/\/jlc.pt\/en\/wp-json\/wp\/v2\/media\/2977"}],"wp:attachment":[{"href":"https:\/\/jlc.pt\/en\/wp-json\/wp\/v2\/media?parent=4544"}],"wp:term":[{"taxonomy":"product_brand","embeddable":true,"href":"https:\/\/jlc.pt\/en\/wp-json\/wp\/v2\/product_brand?post=4544"},{"taxonomy":"product_cat","embeddable":true,"href":"https:\/\/jlc.pt\/en\/wp-json\/wp\/v2\/product_cat?post=4544"},{"taxonomy":"product_tag","embeddable":true,"href":"https:\/\/jlc.pt\/en\/wp-json\/wp\/v2\/product_tag?post=4544"}],"curies":[{"name":"wp","href":"https:\/\/api.w.org\/{rel}","templated":true}]}}