{"id":4947,"date":"2025-01-08T19:25:45","date_gmt":"2025-01-08T19:25:45","guid":{"rendered":"https:\/\/jlc.pt\/produto\/coffee-table-phoebe\/"},"modified":"2025-05-14T18:24:42","modified_gmt":"2025-05-14T17:24:42","slug":"coffee-table-phoebe","status":"publish","type":"product","link":"https:\/\/jlc.pt\/en\/product\/coffee-table-phoebe\/","title":{"rendered":"Coffee Table PHOEBE"},"content":{"rendered":"","protected":false},"excerpt":{"rendered":"<p>The Phoebe coffee table is a delicate study in texture and form. A rich natural ebony surface stretches beneath an island of oxidized brass and Marron Vita marble, their dark tones quietly converging in an elegant embrace. The smoothness of the marble and the warm sheen of the brass rise subtly from the deep, inviting wood, creating a serene focal point. Each material, with its own unique character, blends into a composition that speaks of quiet luxury and sculptural grace.<\/p>\n","protected":false},"featured_media":3539,"template":"","meta":[],"product_brand":[],"product_cat":[88,94],"product_tag":[],"class_list":{"0":"post-4947","1":"product","2":"type-product","3":"status-publish","4":"has-post-thumbnail","6":"product_cat-furniture","7":"product_cat-coffee-tables","8":"pa_material-brass","9":"pa_material-wood","10":"product_materials-dark-oxidized-brass-p-384-en","11":"product_materials-marrom-vita-marble","12":"product_materials-natural-ebony-with-matt-finish","14":"first","15":"instock","16":"shipping-taxable","17":"product-type-simple"},"yoast_head":"<!-- This site is optimized with the Yoast SEO plugin v27.2 - https:\/\/yoast.com\/product\/yoast-seo-wordpress\/ -->\n<title>Coffee Table PHOEBE - JLC<\/title>\n<meta name=\"robots\" content=\"index, follow, max-snippet:-1, max-image-preview:large, max-video-preview:-1\" \/>\n<link rel=\"canonical\" href=\"https:\/\/jlc.pt\/en\/product\/coffee-table-phoebe\/\" \/>\n<meta property=\"og:locale\" content=\"en_US\" \/>\n<meta property=\"og:type\" content=\"article\" \/>\n<meta property=\"og:title\" content=\"Coffee Table PHOEBE - JLC\" \/>\n<meta property=\"og:description\" content=\"The Phoebe coffee table is a delicate study in texture and form. A rich natural ebony surface stretches beneath an island of oxidized brass and Marron Vita marble, their dark tones quietly converging in an elegant embrace. The smoothness of the marble and the warm sheen of the brass rise subtly from the deep, inviting wood, creating a serene focal point. Each material, with its own unique character, blends into a composition that speaks of quiet luxury and sculptural grace.\" \/>\n<meta property=\"og:url\" content=\"https:\/\/jlc.pt\/en\/product\/coffee-table-phoebe\/\" \/>\n<meta property=\"og:site_name\" content=\"JLC\" \/>\n<meta property=\"article:publisher\" content=\"https:\/\/www.facebook.com\/joseleitedecastro\/\" \/>\n<meta property=\"article:modified_time\" content=\"2025-05-14T17:24:42+00:00\" \/>\n<meta property=\"og:image\" content=\"https:\/\/jlc.pt\/wp-content\/uploads\/2025\/01\/jlc-coffeetable-phoebe-13013843.webp\" \/>\n\t<meta property=\"og:image:width\" content=\"2300\" \/>\n\t<meta property=\"og:image:height\" content=\"1725\" \/>\n\t<meta property=\"og:image:type\" content=\"image\/webp\" \/>\n<meta name=\"twitter:card\" content=\"summary_large_image\" \/>\n<script type=\"application\/ld+json\" class=\"yoast-schema-graph\">{\"@context\":\"https:\/\/schema.org\",\"@graph\":[{\"@type\":\"WebPage\",\"@id\":\"https:\/\/jlc.pt\/en\/product\/coffee-table-phoebe\/\",\"url\":\"https:\/\/jlc.pt\/en\/product\/coffee-table-phoebe\/\",\"name\":\"Coffee Table PHOEBE - JLC\",\"isPartOf\":{\"@id\":\"https:\/\/jlc.pt\/en\/#website\"},\"primaryImageOfPage\":{\"@id\":\"https:\/\/jlc.pt\/en\/product\/coffee-table-phoebe\/#primaryimage\"},\"image\":{\"@id\":\"https:\/\/jlc.pt\/en\/product\/coffee-table-phoebe\/#primaryimage\"},\"thumbnailUrl\":\"https:\/\/jlc.pt\/wp-content\/uploads\/2025\/01\/jlc-mesaauxiliar-phoebe-13013843.webp\",\"datePublished\":\"2025-01-08T19:25:45+00:00\",\"dateModified\":\"2025-05-14T17:24:42+00:00\",\"breadcrumb\":{\"@id\":\"https:\/\/jlc.pt\/en\/product\/coffee-table-phoebe\/#breadcrumb\"},\"inLanguage\":\"en-US\",\"potentialAction\":[{\"@type\":\"ReadAction\",\"target\":[\"https:\/\/jlc.pt\/en\/product\/coffee-table-phoebe\/\"]}]},{\"@type\":\"ImageObject\",\"inLanguage\":\"en-US\",\"@id\":\"https:\/\/jlc.pt\/en\/product\/coffee-table-phoebe\/#primaryimage\",\"url\":\"https:\/\/jlc.pt\/wp-content\/uploads\/2025\/01\/jlc-mesaauxiliar-phoebe-13013843.webp\",\"contentUrl\":\"https:\/\/jlc.pt\/wp-content\/uploads\/2025\/01\/jlc-mesaauxiliar-phoebe-13013843.webp\",\"width\":2300,\"height\":1725},{\"@type\":\"BreadcrumbList\",\"@id\":\"https:\/\/jlc.pt\/en\/product\/coffee-table-phoebe\/#breadcrumb\",\"itemListElement\":[{\"@type\":\"ListItem\",\"position\":1,\"name\":\"In\u00edcio\",\"item\":\"https:\/\/jlc.pt\/en\/\"},{\"@type\":\"ListItem\",\"position\":2,\"name\":\"Products\",\"item\":\"https:\/\/jlc.pt\/en\/shop\/\"},{\"@type\":\"ListItem\",\"position\":3,\"name\":\"Coffee Table PHOEBE\"}]},{\"@type\":\"WebSite\",\"@id\":\"https:\/\/jlc.pt\/en\/#website\",\"url\":\"https:\/\/jlc.pt\/en\/\",\"name\":\"JLC\",\"description\":\"Jos\u00e9 Leite de Castro | Concep\u00e7\u00e3o e Produ\u00e7\u00e3o de Mobili\u00e1rio\",\"publisher\":{\"@id\":\"https:\/\/jlc.pt\/en\/#organization\"},\"potentialAction\":[{\"@type\":\"SearchAction\",\"target\":{\"@type\":\"EntryPoint\",\"urlTemplate\":\"https:\/\/jlc.pt\/en\/?s={search_term_string}\"},\"query-input\":{\"@type\":\"PropertyValueSpecification\",\"valueRequired\":true,\"valueName\":\"search_term_string\"}}],\"inLanguage\":\"en-US\"},{\"@type\":\"Organization\",\"@id\":\"https:\/\/jlc.pt\/en\/#organization\",\"name\":\"Jos\u00e9 Leite de Castro\",\"url\":\"https:\/\/jlc.pt\/en\/\",\"logo\":{\"@type\":\"ImageObject\",\"inLanguage\":\"en-US\",\"@id\":\"https:\/\/jlc.pt\/en\/#\/schema\/logo\/image\/\",\"url\":\"https:\/\/jlc.pt\/wp-content\/uploads\/2024\/11\/jlc-logo-g.png\",\"contentUrl\":\"https:\/\/jlc.pt\/wp-content\/uploads\/2024\/11\/jlc-logo-g.png\",\"width\":75,\"height\":64,\"caption\":\"Jos\u00e9 Leite de Castro\"},\"image\":{\"@id\":\"https:\/\/jlc.pt\/en\/#\/schema\/logo\/image\/\"},\"sameAs\":[\"https:\/\/www.facebook.com\/joseleitedecastro\/\",\"https:\/\/www.linkedin.com\/company\/joseleitedecastro\/\",\"https:\/\/www.instagram.com\/joseleitedecastro\/\",\"https:\/\/pt.pinterest.com\/joseleitedecastro\/\"]}]}<\/script>\n<!-- \/ Yoast SEO plugin. -->","yoast_head_json":{"title":"Coffee Table PHOEBE - JLC","robots":{"index":"index","follow":"follow","max-snippet":"max-snippet:-1","max-image-preview":"max-image-preview:large","max-video-preview":"max-video-preview:-1"},"canonical":"https:\/\/jlc.pt\/en\/product\/coffee-table-phoebe\/","og_locale":"en_US","og_type":"article","og_title":"Coffee Table PHOEBE - JLC","og_description":"The Phoebe coffee table is a delicate study in texture and form. A rich natural ebony surface stretches beneath an island of oxidized brass and Marron Vita marble, their dark tones quietly converging in an elegant embrace. The smoothness of the marble and the warm sheen of the brass rise subtly from the deep, inviting wood, creating a serene focal point. Each material, with its own unique character, blends into a composition that speaks of quiet luxury and sculptural grace.","og_url":"https:\/\/jlc.pt\/en\/product\/coffee-table-phoebe\/","og_site_name":"JLC","article_publisher":"https:\/\/www.facebook.com\/joseleitedecastro\/","article_modified_time":"2025-05-14T17:24:42+00:00","og_image":[{"width":2300,"height":1725,"url":"https:\/\/jlc.pt\/wp-content\/uploads\/2025\/01\/jlc-coffeetable-phoebe-13013843.webp","type":"image\/webp"}],"twitter_card":"summary_large_image","schema":{"@context":"https:\/\/schema.org","@graph":[{"@type":"WebPage","@id":"https:\/\/jlc.pt\/en\/product\/coffee-table-phoebe\/","url":"https:\/\/jlc.pt\/en\/product\/coffee-table-phoebe\/","name":"Coffee Table PHOEBE - JLC","isPartOf":{"@id":"https:\/\/jlc.pt\/en\/#website"},"primaryImageOfPage":{"@id":"https:\/\/jlc.pt\/en\/product\/coffee-table-phoebe\/#primaryimage"},"image":{"@id":"https:\/\/jlc.pt\/en\/product\/coffee-table-phoebe\/#primaryimage"},"thumbnailUrl":"https:\/\/jlc.pt\/wp-content\/uploads\/2025\/01\/jlc-mesaauxiliar-phoebe-13013843.webp","datePublished":"2025-01-08T19:25:45+00:00","dateModified":"2025-05-14T17:24:42+00:00","breadcrumb":{"@id":"https:\/\/jlc.pt\/en\/product\/coffee-table-phoebe\/#breadcrumb"},"inLanguage":"en-US","potentialAction":[{"@type":"ReadAction","target":["https:\/\/jlc.pt\/en\/product\/coffee-table-phoebe\/"]}]},{"@type":"ImageObject","inLanguage":"en-US","@id":"https:\/\/jlc.pt\/en\/product\/coffee-table-phoebe\/#primaryimage","url":"https:\/\/jlc.pt\/wp-content\/uploads\/2025\/01\/jlc-mesaauxiliar-phoebe-13013843.webp","contentUrl":"https:\/\/jlc.pt\/wp-content\/uploads\/2025\/01\/jlc-mesaauxiliar-phoebe-13013843.webp","width":2300,"height":1725},{"@type":"BreadcrumbList","@id":"https:\/\/jlc.pt\/en\/product\/coffee-table-phoebe\/#breadcrumb","itemListElement":[{"@type":"ListItem","position":1,"name":"In\u00edcio","item":"https:\/\/jlc.pt\/en\/"},{"@type":"ListItem","position":2,"name":"Products","item":"https:\/\/jlc.pt\/en\/shop\/"},{"@type":"ListItem","position":3,"name":"Coffee Table PHOEBE"}]},{"@type":"WebSite","@id":"https:\/\/jlc.pt\/en\/#website","url":"https:\/\/jlc.pt\/en\/","name":"JLC","description":"Jos\u00e9 Leite de Castro | Concep\u00e7\u00e3o e Produ\u00e7\u00e3o de Mobili\u00e1rio","publisher":{"@id":"https:\/\/jlc.pt\/en\/#organization"},"potentialAction":[{"@type":"SearchAction","target":{"@type":"EntryPoint","urlTemplate":"https:\/\/jlc.pt\/en\/?s={search_term_string}"},"query-input":{"@type":"PropertyValueSpecification","valueRequired":true,"valueName":"search_term_string"}}],"inLanguage":"en-US"},{"@type":"Organization","@id":"https:\/\/jlc.pt\/en\/#organization","name":"Jos\u00e9 Leite de Castro","url":"https:\/\/jlc.pt\/en\/","logo":{"@type":"ImageObject","inLanguage":"en-US","@id":"https:\/\/jlc.pt\/en\/#\/schema\/logo\/image\/","url":"https:\/\/jlc.pt\/wp-content\/uploads\/2024\/11\/jlc-logo-g.png","contentUrl":"https:\/\/jlc.pt\/wp-content\/uploads\/2024\/11\/jlc-logo-g.png","width":75,"height":64,"caption":"Jos\u00e9 Leite de Castro"},"image":{"@id":"https:\/\/jlc.pt\/en\/#\/schema\/logo\/image\/"},"sameAs":["https:\/\/www.facebook.com\/joseleitedecastro\/","https:\/\/www.linkedin.com\/company\/joseleitedecastro\/","https:\/\/www.instagram.com\/joseleitedecastro\/","https:\/\/pt.pinterest.com\/joseleitedecastro\/"]}]}},"_links":{"self":[{"href":"https:\/\/jlc.pt\/en\/wp-json\/wp\/v2\/product\/4947","targetHints":{"allow":["GET"]}}],"collection":[{"href":"https:\/\/jlc.pt\/en\/wp-json\/wp\/v2\/product"}],"about":[{"href":"https:\/\/jlc.pt\/en\/wp-json\/wp\/v2\/types\/product"}],"wp:featuredmedia":[{"embeddable":true,"href":"https:\/\/jlc.pt\/en\/wp-json\/wp\/v2\/media\/3539"}],"wp:attachment":[{"href":"https:\/\/jlc.pt\/en\/wp-json\/wp\/v2\/media?parent=4947"}],"wp:term":[{"taxonomy":"product_brand","embeddable":true,"href":"https:\/\/jlc.pt\/en\/wp-json\/wp\/v2\/product_brand?post=4947"},{"taxonomy":"product_cat","embeddable":true,"href":"https:\/\/jlc.pt\/en\/wp-json\/wp\/v2\/product_cat?post=4947"},{"taxonomy":"product_tag","embeddable":true,"href":"https:\/\/jlc.pt\/en\/wp-json\/wp\/v2\/product_tag?post=4947"}],"curies":[{"name":"wp","href":"https:\/\/api.w.org\/{rel}","templated":true}]}}