{"id":5135,"date":"2025-01-08T19:30:32","date_gmt":"2025-01-08T19:30:32","guid":{"rendered":"https:\/\/jlc.pt\/produto\/chair-rhode-3\/"},"modified":"2025-05-14T18:24:51","modified_gmt":"2025-05-14T17:24:51","slug":"chair-rhode-3","status":"publish","type":"product","link":"https:\/\/jlc.pt\/en\/product\/chair-rhode-3\/","title":{"rendered":"Chair RHODE 3"},"content":{"rendered":"","protected":false},"excerpt":{"rendered":"<p>The Rhode dining chair reflects understated elegance. Its upholstered form is gently outlined by delicate piping that traces the entire edge, accentuating its graceful lines. With lacquered legs and brass cups, this chair brings a refined, timeless beauty<\/p>\n","protected":false},"featured_media":3743,"template":"","meta":[],"product_brand":[],"product_cat":[78,81],"product_tag":[],"class_list":{"0":"post-5135","1":"product","2":"type-product","3":"status-publish","4":"has-post-thumbnail","6":"product_cat-upholstery","7":"product_cat-chairs","8":"pa_material-brass","9":"pa_material-fabric","10":"pa_material-wood","11":"pa_material-lacquer-en","12":"product_materials-shiny-bushed-brass-p-387","13":"product_materials-black-gloss-lacquer-finish","15":"first","16":"instock","17":"shipping-taxable","18":"product-type-variable","19":"has-default-attributes"},"yoast_head":"<!-- This site is optimized with the Yoast SEO plugin v27.2 - https:\/\/yoast.com\/product\/yoast-seo-wordpress\/ -->\n<title>Chair RHODE 3 - JLC<\/title>\n<meta name=\"robots\" content=\"index, follow, max-snippet:-1, max-image-preview:large, max-video-preview:-1\" \/>\n<link rel=\"canonical\" href=\"https:\/\/jlc.pt\/en\/product\/chair-rhode-3\/\" \/>\n<meta property=\"og:locale\" content=\"en_US\" \/>\n<meta property=\"og:type\" content=\"article\" \/>\n<meta property=\"og:title\" content=\"Chair RHODE 3 - JLC\" \/>\n<meta property=\"og:description\" content=\"The Rhode dining chair reflects understated elegance. Its upholstered form is gently outlined by delicate piping that traces the entire edge, accentuating its graceful lines. With lacquered legs and brass cups, this chair brings a refined, timeless beauty\" \/>\n<meta property=\"og:url\" content=\"https:\/\/jlc.pt\/en\/product\/chair-rhode-3\/\" \/>\n<meta property=\"og:site_name\" content=\"JLC\" \/>\n<meta property=\"article:publisher\" content=\"https:\/\/www.facebook.com\/joseleitedecastro\/\" \/>\n<meta property=\"article:modified_time\" content=\"2025-05-14T17:24:51+00:00\" \/>\n<meta property=\"og:image\" content=\"https:\/\/jlc.pt\/wp-content\/uploads\/2025\/01\/jlc-cadeira-rhode3-11216490.webp\" \/>\n\t<meta property=\"og:image:width\" content=\"2300\" \/>\n\t<meta property=\"og:image:height\" content=\"1725\" \/>\n\t<meta property=\"og:image:type\" content=\"image\/webp\" \/>\n<meta name=\"twitter:card\" content=\"summary_large_image\" \/>\n<script type=\"application\/ld+json\" class=\"yoast-schema-graph\">{\"@context\":\"https:\/\/schema.org\",\"@graph\":[{\"@type\":\"WebPage\",\"@id\":\"https:\/\/jlc.pt\/en\/product\/chair-rhode-3\/\",\"url\":\"https:\/\/jlc.pt\/en\/product\/chair-rhode-3\/\",\"name\":\"Chair RHODE 3 - JLC\",\"isPartOf\":{\"@id\":\"https:\/\/jlc.pt\/en\/#website\"},\"primaryImageOfPage\":{\"@id\":\"https:\/\/jlc.pt\/en\/product\/chair-rhode-3\/#primaryimage\"},\"image\":{\"@id\":\"https:\/\/jlc.pt\/en\/product\/chair-rhode-3\/#primaryimage\"},\"thumbnailUrl\":\"https:\/\/jlc.pt\/wp-content\/uploads\/2025\/01\/jlc-cadeira-rhode3-11216490.webp\",\"datePublished\":\"2025-01-08T19:30:32+00:00\",\"dateModified\":\"2025-05-14T17:24:51+00:00\",\"breadcrumb\":{\"@id\":\"https:\/\/jlc.pt\/en\/product\/chair-rhode-3\/#breadcrumb\"},\"inLanguage\":\"en-US\",\"potentialAction\":[{\"@type\":\"ReadAction\",\"target\":[\"https:\/\/jlc.pt\/en\/product\/chair-rhode-3\/\"]}]},{\"@type\":\"ImageObject\",\"inLanguage\":\"en-US\",\"@id\":\"https:\/\/jlc.pt\/en\/product\/chair-rhode-3\/#primaryimage\",\"url\":\"https:\/\/jlc.pt\/wp-content\/uploads\/2025\/01\/jlc-cadeira-rhode3-11216490.webp\",\"contentUrl\":\"https:\/\/jlc.pt\/wp-content\/uploads\/2025\/01\/jlc-cadeira-rhode3-11216490.webp\",\"width\":2300,\"height\":1725},{\"@type\":\"BreadcrumbList\",\"@id\":\"https:\/\/jlc.pt\/en\/product\/chair-rhode-3\/#breadcrumb\",\"itemListElement\":[{\"@type\":\"ListItem\",\"position\":1,\"name\":\"In\u00edcio\",\"item\":\"https:\/\/jlc.pt\/en\/\"},{\"@type\":\"ListItem\",\"position\":2,\"name\":\"Products\",\"item\":\"https:\/\/jlc.pt\/en\/shop\/\"},{\"@type\":\"ListItem\",\"position\":3,\"name\":\"Chair RHODE 3\"}]},{\"@type\":\"WebSite\",\"@id\":\"https:\/\/jlc.pt\/en\/#website\",\"url\":\"https:\/\/jlc.pt\/en\/\",\"name\":\"JLC\",\"description\":\"Jos\u00e9 Leite de Castro | Concep\u00e7\u00e3o e Produ\u00e7\u00e3o de Mobili\u00e1rio\",\"publisher\":{\"@id\":\"https:\/\/jlc.pt\/en\/#organization\"},\"potentialAction\":[{\"@type\":\"SearchAction\",\"target\":{\"@type\":\"EntryPoint\",\"urlTemplate\":\"https:\/\/jlc.pt\/en\/?s={search_term_string}\"},\"query-input\":{\"@type\":\"PropertyValueSpecification\",\"valueRequired\":true,\"valueName\":\"search_term_string\"}}],\"inLanguage\":\"en-US\"},{\"@type\":\"Organization\",\"@id\":\"https:\/\/jlc.pt\/en\/#organization\",\"name\":\"Jos\u00e9 Leite de Castro\",\"url\":\"https:\/\/jlc.pt\/en\/\",\"logo\":{\"@type\":\"ImageObject\",\"inLanguage\":\"en-US\",\"@id\":\"https:\/\/jlc.pt\/en\/#\/schema\/logo\/image\/\",\"url\":\"https:\/\/jlc.pt\/wp-content\/uploads\/2024\/11\/jlc-logo-g.png\",\"contentUrl\":\"https:\/\/jlc.pt\/wp-content\/uploads\/2024\/11\/jlc-logo-g.png\",\"width\":75,\"height\":64,\"caption\":\"Jos\u00e9 Leite de Castro\"},\"image\":{\"@id\":\"https:\/\/jlc.pt\/en\/#\/schema\/logo\/image\/\"},\"sameAs\":[\"https:\/\/www.facebook.com\/joseleitedecastro\/\",\"https:\/\/www.linkedin.com\/company\/joseleitedecastro\/\",\"https:\/\/www.instagram.com\/joseleitedecastro\/\",\"https:\/\/pt.pinterest.com\/joseleitedecastro\/\"]}]}<\/script>\n<!-- \/ Yoast SEO plugin. -->","yoast_head_json":{"title":"Chair RHODE 3 - JLC","robots":{"index":"index","follow":"follow","max-snippet":"max-snippet:-1","max-image-preview":"max-image-preview:large","max-video-preview":"max-video-preview:-1"},"canonical":"https:\/\/jlc.pt\/en\/product\/chair-rhode-3\/","og_locale":"en_US","og_type":"article","og_title":"Chair RHODE 3 - JLC","og_description":"The Rhode dining chair reflects understated elegance. Its upholstered form is gently outlined by delicate piping that traces the entire edge, accentuating its graceful lines. With lacquered legs and brass cups, this chair brings a refined, timeless beauty","og_url":"https:\/\/jlc.pt\/en\/product\/chair-rhode-3\/","og_site_name":"JLC","article_publisher":"https:\/\/www.facebook.com\/joseleitedecastro\/","article_modified_time":"2025-05-14T17:24:51+00:00","og_image":[{"width":2300,"height":1725,"url":"https:\/\/jlc.pt\/wp-content\/uploads\/2025\/01\/jlc-cadeira-rhode3-11216490.webp","type":"image\/webp"}],"twitter_card":"summary_large_image","schema":{"@context":"https:\/\/schema.org","@graph":[{"@type":"WebPage","@id":"https:\/\/jlc.pt\/en\/product\/chair-rhode-3\/","url":"https:\/\/jlc.pt\/en\/product\/chair-rhode-3\/","name":"Chair RHODE 3 - JLC","isPartOf":{"@id":"https:\/\/jlc.pt\/en\/#website"},"primaryImageOfPage":{"@id":"https:\/\/jlc.pt\/en\/product\/chair-rhode-3\/#primaryimage"},"image":{"@id":"https:\/\/jlc.pt\/en\/product\/chair-rhode-3\/#primaryimage"},"thumbnailUrl":"https:\/\/jlc.pt\/wp-content\/uploads\/2025\/01\/jlc-cadeira-rhode3-11216490.webp","datePublished":"2025-01-08T19:30:32+00:00","dateModified":"2025-05-14T17:24:51+00:00","breadcrumb":{"@id":"https:\/\/jlc.pt\/en\/product\/chair-rhode-3\/#breadcrumb"},"inLanguage":"en-US","potentialAction":[{"@type":"ReadAction","target":["https:\/\/jlc.pt\/en\/product\/chair-rhode-3\/"]}]},{"@type":"ImageObject","inLanguage":"en-US","@id":"https:\/\/jlc.pt\/en\/product\/chair-rhode-3\/#primaryimage","url":"https:\/\/jlc.pt\/wp-content\/uploads\/2025\/01\/jlc-cadeira-rhode3-11216490.webp","contentUrl":"https:\/\/jlc.pt\/wp-content\/uploads\/2025\/01\/jlc-cadeira-rhode3-11216490.webp","width":2300,"height":1725},{"@type":"BreadcrumbList","@id":"https:\/\/jlc.pt\/en\/product\/chair-rhode-3\/#breadcrumb","itemListElement":[{"@type":"ListItem","position":1,"name":"In\u00edcio","item":"https:\/\/jlc.pt\/en\/"},{"@type":"ListItem","position":2,"name":"Products","item":"https:\/\/jlc.pt\/en\/shop\/"},{"@type":"ListItem","position":3,"name":"Chair RHODE 3"}]},{"@type":"WebSite","@id":"https:\/\/jlc.pt\/en\/#website","url":"https:\/\/jlc.pt\/en\/","name":"JLC","description":"Jos\u00e9 Leite de Castro | Concep\u00e7\u00e3o e Produ\u00e7\u00e3o de Mobili\u00e1rio","publisher":{"@id":"https:\/\/jlc.pt\/en\/#organization"},"potentialAction":[{"@type":"SearchAction","target":{"@type":"EntryPoint","urlTemplate":"https:\/\/jlc.pt\/en\/?s={search_term_string}"},"query-input":{"@type":"PropertyValueSpecification","valueRequired":true,"valueName":"search_term_string"}}],"inLanguage":"en-US"},{"@type":"Organization","@id":"https:\/\/jlc.pt\/en\/#organization","name":"Jos\u00e9 Leite de Castro","url":"https:\/\/jlc.pt\/en\/","logo":{"@type":"ImageObject","inLanguage":"en-US","@id":"https:\/\/jlc.pt\/en\/#\/schema\/logo\/image\/","url":"https:\/\/jlc.pt\/wp-content\/uploads\/2024\/11\/jlc-logo-g.png","contentUrl":"https:\/\/jlc.pt\/wp-content\/uploads\/2024\/11\/jlc-logo-g.png","width":75,"height":64,"caption":"Jos\u00e9 Leite de Castro"},"image":{"@id":"https:\/\/jlc.pt\/en\/#\/schema\/logo\/image\/"},"sameAs":["https:\/\/www.facebook.com\/joseleitedecastro\/","https:\/\/www.linkedin.com\/company\/joseleitedecastro\/","https:\/\/www.instagram.com\/joseleitedecastro\/","https:\/\/pt.pinterest.com\/joseleitedecastro\/"]}]}},"_links":{"self":[{"href":"https:\/\/jlc.pt\/en\/wp-json\/wp\/v2\/product\/5135","targetHints":{"allow":["GET"]}}],"collection":[{"href":"https:\/\/jlc.pt\/en\/wp-json\/wp\/v2\/product"}],"about":[{"href":"https:\/\/jlc.pt\/en\/wp-json\/wp\/v2\/types\/product"}],"wp:featuredmedia":[{"embeddable":true,"href":"https:\/\/jlc.pt\/en\/wp-json\/wp\/v2\/media\/3743"}],"wp:attachment":[{"href":"https:\/\/jlc.pt\/en\/wp-json\/wp\/v2\/media?parent=5135"}],"wp:term":[{"taxonomy":"product_brand","embeddable":true,"href":"https:\/\/jlc.pt\/en\/wp-json\/wp\/v2\/product_brand?post=5135"},{"taxonomy":"product_cat","embeddable":true,"href":"https:\/\/jlc.pt\/en\/wp-json\/wp\/v2\/product_cat?post=5135"},{"taxonomy":"product_tag","embeddable":true,"href":"https:\/\/jlc.pt\/en\/wp-json\/wp\/v2\/product_tag?post=5135"}],"curies":[{"name":"wp","href":"https:\/\/api.w.org\/{rel}","templated":true}]}}